{"id":2773,"date":"2021-06-21T12:46:16","date_gmt":"2021-06-21T12:46:16","guid":{"rendered":"https:\/\/residenciaslatorreta.com\/atencion-centrada-en-la-persona\/"},"modified":"2022-01-21T10:39:08","modified_gmt":"2022-01-21T10:39:08","slug":"atencio-centrada-en-la-persona","status":"publish","type":"page","link":"https:\/\/residenciaslatorreta.com\/ca\/atencio-centrada-en-la-persona\/","title":{"rendered":"Atenci\u00f3 centrada en la persona"},"content":{"rendered":"<div class=\"wpb-content-wrapper\"><p>[vc_row css_animation=&#8221;&#8221; row_type=&#8221;row&#8221; use_row_as_full_screen_section=&#8221;no&#8221; type=&#8221;grid&#8221; angled_section=&#8221;no&#8221; text_align=&#8221;left&#8221; background_image_as_pattern=&#8221;without_pattern&#8221; z_index=&#8221;&#8221;][vc_column][vc_empty_space height=&#8221;90px&#8221;]<div class='q_icon_with_title medium custom_icon_image '><div class=\"icon_holder \" style=\" \"><img decoding=\"async\" itemprop=\"image\" style=\"\" src=\"https:\/\/residenciaslatorreta.com\/wp-content\/uploads\/2021\/09\/cuidado-1.png\" alt=\"\"><\/div><div class=\"icon_text_holder\" style=\"\"><div class=\"icon_text_inner\" style=\"\"><h5 class=\"icon_title\" style=\"\"><\/h5><p style=''><\/p><\/div><\/div><\/div>[vc_column_text]<\/p>\n<h1 class=\"tituloConIcono\">ATENCI\u00d3 CENTRADA EN LA PERSONA<\/h1>\n<p>[\/vc_column_text][vc_separator type=&#8221;small&#8221; position=&#8221;left&#8221; width_in_percentages=&#8221;yes&#8221; color=&#8221;#628dc3&#8243; thickness=&#8221;1,5&#8243; width=&#8221;20&#8243;][vc_empty_space][vc_column_text]<span style=\"color: #333333;\">L&#8217;<span class=\"hiddenSpellError\">ACP<\/span>\u00a0(Atenci\u00f3 Centrada a la Persona) \u00e9s un model d&#8217;atenci\u00f3 que el que busca \u00e9s mantenir la qualitat de vida de la persona, tenint en compte la seva depend\u00e8ncia i necessitats. En aquest sentit, a<\/span> <strong><span style=\"color: #628dc3;\">Resid\u00e8ncies\u00a0<span class=\"hiddenGrammarError\" style=\"padding-bottom: 2px; background-image: url('..\/..\/..\/..\/..\/images\/squiggle.png'); background-repeat: repeat-x; background-position: left bottom; cursor: default; font-family: 'Open Sans', Helvetica, Arial, sans-serif; font-size: 16px; font-style: normal; font-variant-ligatures: normal; font-variant-caps: normal; letter-spacing: normal; orphans: 2; text-align: start; text-indent: 0px; text-transform: none; white-space: normal; widows: 2; word-spacing: 0px; -webkit-text-stroke-width: 0px;\">La<\/span>\u00a0Torreta<\/span><\/strong><span style=\"color: #333333;\">, ens centrem a mantenir la qualitat de vida de l&#8217;usuari, escoltant activament les seves necessitats i adaptant el Centre i els nostres serveis a les seves prefer\u00e8ncies, no al rev\u00e9s<\/span>. <span style=\"color: #58595b;\">A<\/span> <strong><span style=\"color: #628dc3;\">Resid\u00e8ncies\u00a0<span class=\"hiddenGrammarError\" style=\"padding-bottom: 2px; background-image: url('..\/..\/..\/..\/..\/images\/squiggle.png'); background-repeat: repeat-x; background-position: left bottom; cursor: default; font-family: 'Open Sans', Helvetica, Arial, sans-serif; font-size: 16px; font-style: normal; font-variant-ligatures: normal; font-variant-caps: normal; letter-spacing: normal; orphans: 2; text-align: start; text-indent: 0px; text-transform: none; white-space: normal; widows: 2; word-spacing: 0px; -webkit-text-stroke-width: 0px;\">La<\/span>\u00a0Torreta<\/span><\/strong><span style=\"color: #58595b;\"> vam fugir de la concepci\u00f3 cl\u00e0ssica de \u00abgeri\u00e0tric\u00bb, en qu\u00e8 tots els usuaris eren un n\u00famero i a tothom se&#8217;l tractava igual. <\/span><span style=\"color: #58595b;\">A<\/span><strong><span style=\"color: #628dc3;\">Resid\u00e8ncies\u00a0<span class=\"hiddenGrammarError\" style=\"padding-bottom: 2px; background-image: url('..\/..\/..\/..\/..\/images\/squiggle.png'); background-repeat: repeat-x; background-position: left bottom; cursor: default; font-family: 'Open Sans', Helvetica, Arial, sans-serif; font-size: 16px; font-style: normal; font-variant-ligatures: normal; font-variant-caps: normal; letter-spacing: normal; orphans: 2; text-align: start; text-indent: 0px; text-transform: none; white-space: normal; widows: 2; word-spacing: 0px; -webkit-text-stroke-width: 0px;\">La<\/span>\u00a0Torreta<\/span><\/strong><span style=\"color: #58595b;\">proporcionem una atenci\u00f3 de la m\u00e0xima qualitat, adaptada a cada persona i tenint en compte la seva hist\u00f2ria de vida.<\/span><\/p>\n<p><span style=\"color: #333333;\">Una part fonamental de l&#8217;Atenci\u00f3 Centrada en la Persona \u00e9s, a m\u00e9s d&#8217;escoltar activament la persona gran, proposar activitats que ajudin a mantenir les seves capacitats. Per aquesta ra\u00f3, oferim tota mena de tallers que afavoreixen el manteniment de les capacitats cognitives i la interacci\u00f3 social per aconseguir un envelliment saludable, confortable i segur.<\/span><\/p>\n<p>&nbsp;<\/p>\n<p><span style=\"color: #333333;\">Ens adaptem als gustos, necessitats i prefer\u00e8ncies de cada resident. Per aix\u00f2, a tots els nostres centres oferim un ventall molt ampli d&#8217;activitats l\u00fadiques, socials i talls de diferents tem\u00e0tiques, per tal de brindar\u00a0<span class=\"hiddenGrammarError\">a els<\/span>\u00a0nostres residents, bons moments compartits entre tots. Per posar un exemple, la majoria dels nostres avis sap portar el dia a dia d&#8217;un petit jard\u00ed o hort.\u00a0<span class=\"hiddenGreenError\" style=\"padding-bottom: 2px; background-image: url('..\/..\/..\/..\/..\/images\/squiggle_green.png'); background-repeat: repeat-x; background-position: left bottom; cursor: default; font-family: 'Open Sans', Helvetica, Arial, sans-serif; font-size: 16px; font-style: normal; font-variant-ligatures: normal; font-variant-caps: normal; font-weight: 300; letter-spacing: normal; orphans: 2; text-align: start; text-indent: 0px; text-transform: none; white-space: normal; widows: 2; word-spacing: 0px; -webkit-text-stroke-width: 0px;\">Per<\/span> aquesta ra\u00f3, a tots els nostres Centres comptem amb jard\u00ed dels sentits i hort terap\u00e8utic, perqu\u00e8 les activitats a l&#8217;aire lliure puguin formar part de l&#8217;Atenci\u00f3 Centrada en la Persona.<\/span>[\/vc_column_text][vc_empty_space height=&#8221;90&#8243;][\/vc_column][\/vc_row][vc_row css_animation=&#8221;element_from_bottom&#8221; row_type=&#8221;row&#8221; use_row_as_full_screen_section=&#8221;no&#8221; type=&#8221;grid&#8221; angled_section=&#8221;no&#8221; text_align=&#8221;left&#8221; background_image_as_pattern=&#8221;without_pattern&#8221; z_index=&#8221;&#8221;][vc_column width=&#8221;1\/5&#8243;]<div class=\"q_icon_list\"><i class=\"qode_icon_font_awesome fa fa-check qode-ili-icon-holder transparent\" style=\"color: #006799;\" ><\/i><p style=\"color:#006799;\">Estimulaci\u00f3 multisensorial<\/p><\/div>[\/vc_column][vc_column width=&#8221;1\/5&#8243;]<div class=\"q_icon_list\"><i class=\"qode_icon_font_awesome fa fa-check qode-ili-icon-holder transparent\" style=\"color: #006799;\" ><\/i><p style=\"color:#006799;\">Taller de mem\u00f2ria<\/p><\/div>[\/vc_column][vc_column width=&#8221;1\/5&#8243;]<div class=\"q_icon_list\"><i class=\"qode_icon_font_awesome fa fa-check qode-ili-icon-holder transparent\" style=\"color: #006799;\" ><\/i><p style=\"color:#006799;\">Taller de manualitats<\/p><\/div>[\/vc_column][vc_column width=&#8221;1\/5&#8243;]<div class=\"q_icon_list\"><i class=\"qode_icon_font_awesome fa fa-check qode-ili-icon-holder transparent\" style=\"color: #006799;\" ><\/i><p style=\"color:#006799;\">Grup de tert\u00falia<\/p><\/div>[\/vc_column][vc_column width=&#8221;1\/5&#8243;]<div class=\"q_icon_list\"><i class=\"qode_icon_font_awesome fa fa-check qode-ili-icon-holder transparent\" style=\"color: #006799;\" ><\/i><p style=\"color:#006799;\">Taller de lectoescriptura<\/p><\/div>[\/vc_column][\/vc_row][vc_row css_animation=&#8221;element_from_bottom&#8221; row_type=&#8221;row&#8221; use_row_as_full_screen_section=&#8221;no&#8221; type=&#8221;grid&#8221; angled_section=&#8221;no&#8221; text_align=&#8221;left&#8221; background_image_as_pattern=&#8221;without_pattern&#8221; z_index=&#8221;&#8221;][vc_column width=&#8221;1\/5&#8243;]<div class=\"q_icon_list\"><i class=\"qode_icon_font_awesome fa fa-check qode-ili-icon-holder transparent\" style=\"color: #006799;\" ><\/i><p style=\"color:#006799;\">Taller d'hist\u00f2ria de vida y reminisc\u00e8ncia<\/p><\/div>[\/vc_column][vc_column width=&#8221;1\/5&#8243;]<div class=\"q_icon_list\"><i class=\"qode_icon_font_awesome fa fa-check qode-ili-icon-holder transparent\" style=\"color: #006799;\" ><\/i><p style=\"color:#006799;\">Laborter\u00e0pia<\/p><\/div>[\/vc_column][vc_column width=&#8221;1\/5&#8243;]<div class=\"q_icon_list\"><i class=\"qode_icon_font_awesome fa fa-check qode-ili-icon-holder transparent\" style=\"color: #006799;\" ><\/i><p style=\"color:#006799;\">Art-ter\u00e0pia<\/p><\/div>[\/vc_column][vc_column width=&#8221;1\/5&#8243;]<div class=\"q_icon_list\"><i class=\"qode_icon_font_awesome fa fa-check qode-ili-icon-holder transparent\" style=\"color: #006799;\" ><\/i><p style=\"color:#006799;\">Cuina i reposteria<\/p><\/div>[\/vc_column][vc_column width=&#8221;1\/5&#8243;]<div class=\"q_icon_list\"><i class=\"qode_icon_font_awesome fa fa-check qode-ili-icon-holder transparent\" style=\"color: #006799;\" ><\/i><p style=\"color:#006799;\">Musicoter\u00e0pia<\/p><\/div>[\/vc_column][\/vc_row][vc_row css_animation=&#8221;&#8221; row_type=&#8221;row&#8221; use_row_as_full_screen_section=&#8221;no&#8221; type=&#8221;grid&#8221; angled_section=&#8221;no&#8221; text_align=&#8221;left&#8221; background_image_as_pattern=&#8221;without_pattern&#8221; z_index=&#8221;&#8221;][vc_column width=&#8221;1\/5&#8243;]<div class=\"q_icon_list\"><i class=\"qode_icon_font_awesome fa fa-check qode-ili-icon-holder transparent\" style=\"color: #006799;\" ><\/i><p style=\"color:#006799;\">Jornades gastron\u00f2miques regionals<\/p><\/div>[\/vc_column][vc_column width=&#8221;1\/5&#8243;]<div class=\"q_icon_list\"><i class=\"qode_icon_font_awesome fa fa-check qode-ili-icon-holder transparent\" style=\"color: #006799;\" ><\/i><p style=\"color:#006799;font-size: Terapia con animalespx;\">Ter\u00e0pia amb animals<\/p><\/div>[\/vc_column][vc_column width=&#8221;1\/5&#8243;]<div class=\"q_icon_list\"><i class=\"qode_icon_font_awesome fa fa-check qode-ili-icon-holder transparent\" style=\"color: #006799;\" ><\/i><p style=\"color:#006799;\">Sortides y excursions<\/p><\/div>[\/vc_column][vc_column width=&#8221;1\/5&#8243;]<div class=\"q_icon_list\"><i class=\"qode_icon_font_awesome fa fa-check qode-ili-icon-holder transparent\" style=\"color: #006799;\" ><\/i><p style=\"color:#006799;\">Participaci\u00f3 en exposicions d'art<\/p><\/div>[\/vc_column][vc_column width=&#8221;1\/5&#8243;]<div class=\"q_icon_list\"><i class=\"qode_icon_font_awesome fa fa-check qode-ili-icon-holder transparent\" style=\"color: #006799;\" ><\/i><p style=\"color:#006799;\">Celebraci\u00f3 de festes i esdeveniments<\/p><\/div>[\/vc_column][\/vc_row][vc_row css_animation=&#8221;element_from_bottom&#8221; row_type=&#8221;row&#8221; use_row_as_full_screen_section=&#8221;no&#8221; type=&#8221;grid&#8221; angled_section=&#8221;no&#8221; text_align=&#8221;left&#8221; background_image_as_pattern=&#8221;without_pattern&#8221; z_index=&#8221;&#8221;][vc_column width=&#8221;1\/5&#8243;]<div class=\"q_icon_list\"><i class=\"qode_icon_font_awesome fa fa-check qode-ili-icon-holder transparent\" style=\"color: #006799;\" ><\/i><p style=\"color:#006799;\">Petanca<\/p><\/div>[\/vc_column][vc_column width=&#8221;1\/5&#8243;]<div class=\"q_icon_list\"><i class=\"qode_icon_font_awesome fa fa-check qode-ili-icon-holder transparent\" style=\"color: #006799;\" ><\/i><p style=\"color:#006799;\">Hidroter\u00e0pia<\/p><\/div>[\/vc_column][vc_column width=&#8221;1\/5&#8243;]<div class=\"q_icon_list\"><i class=\"qode_icon_font_awesome fa fa-check qode-ili-icon-holder transparent\" style=\"color: #006799;\" ><\/i><p style=\"color:#006799;\">Hort terap\u00e8utic<\/p><\/div>[\/vc_column][vc_column width=&#8221;1\/5&#8243;]<div class=\"q_icon_list\"><i class=\"qode_icon_font_awesome fa fa-check qode-ili-icon-holder transparent\" style=\"color: #006799;\" ><\/i><p style=\"color:#006799;\">Risoter\u00e0pia<\/p><\/div>[\/vc_column][vc_column width=&#8221;1\/5&#8243;]<div class=\"q_icon_list\"><i class=\"qode_icon_font_awesome fa fa-check qode-ili-icon-holder transparent\" style=\"color: #006799;\" ><\/i><p style=\"color:#006799;\">Jard\u00ed dels sentits<\/p><\/div>[\/vc_column][\/vc_row][vc_row css_animation=&#8221;&#8221; row_type=&#8221;row&#8221; use_row_as_full_screen_section=&#8221;no&#8221; type=&#8221;full_width&#8221; angled_section=&#8221;no&#8221; text_align=&#8221;left&#8221; background_image_as_pattern=&#8221;without_pattern&#8221;][vc_column][vc_empty_space height=&#8221;50px&#8221;][\/vc_column][\/vc_row][vc_row css_animation=&#8221;&#8221; row_type=&#8221;row&#8221; use_row_as_full_screen_section=&#8221;no&#8221; type=&#8221;full_width&#8221; angled_section=&#8221;no&#8221; text_align=&#8221;left&#8221; background_image_as_pattern=&#8221;without_pattern&#8221; css=&#8221;.vc_custom_1624280874903{background-color: #ffffff !important;}&#8221; z_index=&#8221;&#8221;][vc_column][vc_empty_space height=&#8221;50px&#8221;][\/vc_column][\/vc_row][vc_row css_animation=&#8221;&#8221; row_type=&#8221;row&#8221; use_row_as_full_screen_section=&#8221;no&#8221; type=&#8221;grid&#8221; angled_section=&#8221;no&#8221; text_align=&#8221;left&#8221; background_image_as_pattern=&#8221;without_pattern&#8221; css=&#8221;.vc_custom_1624281377684{background-color: #ffffff !important;}&#8221; z_index=&#8221;&#8221;][vc_column width=&#8221;1\/2&#8243;][vc_single_image image=&#8221;2675&#8243; img_size=&#8221;530&#215;490&#8243; alignment=&#8221;center&#8221; qode_css_animation=&#8221;&#8221; qode_hover_animation=&#8221;bottom_title&#8221;][\/vc_column][vc_column width=&#8221;1\/2&#8243;][vc_single_image image=&#8221;2676&#8243; img_size=&#8221;530&#215;240&#8243; alignment=&#8221;center&#8221; qode_css_animation=&#8221;&#8221; qode_hover_animation=&#8221;bottom_title&#8221;][vc_empty_space height=&#8221;10&#8243;][vc_single_image image=&#8221;2602&#8243; img_size=&#8221;530&#215;240&#8243; alignment=&#8221;center&#8221; qode_css_animation=&#8221;&#8221; qode_hover_animation=&#8221;bottom_title&#8221;][\/vc_column][\/vc_row][vc_row css_animation=&#8221;&#8221; row_type=&#8221;row&#8221; use_row_as_full_screen_section=&#8221;no&#8221; type=&#8221;full_width&#8221; angled_section=&#8221;no&#8221; text_align=&#8221;left&#8221; background_image_as_pattern=&#8221;without_pattern&#8221; css=&#8221;.vc_custom_1624281425362{background-color: #ffffff !important;}&#8221; z_index=&#8221;&#8221;][vc_column][vc_empty_space height=&#8221;50px&#8221;][\/vc_column][\/vc_row][vc_row css_animation=&#8221;&#8221; row_type=&#8221;row&#8221; use_row_as_full_screen_section=&#8221;no&#8221; type=&#8221;grid&#8221; angled_section=&#8221;no&#8221; text_align=&#8221;left&#8221; background_image_as_pattern=&#8221;without_pattern&#8221; css=&#8221;.vc_custom_1636372073576{background-image: url(https:\/\/residenciaslatorreta.com\/wp-content\/uploads\/2021\/11\/Exterior.jpeg?id=2424) !important;}&#8221; z_index=&#8221;&#8221;][vc_column][vc_empty_space height=&#8221;250px&#8221;][vc_column_text]<\/p>\n<div style=\"text-align: center;\">\n<h2 style=\"background: rgba(255, 255, 255, 0.91); display: inline-block; padding: 0px 10px; text-align: center;\"><span style=\"color: #628dc3;\">Coneix els nostres quantra centres <\/span><\/h2>\n<p style=\"text-align: center;\"><a class=\"qbutton medium center enlarge\" style=\"color: #ffffff; border-color: #006799; background-color: #006799; padding-left: 23px; padding-right: 23px; margin-top: 20px; margin-bottom: 20px;\" href=\"https:\/\/residenciaslatorreta.com\/residencias\/\" target=\"_self\" rel=\"noopener\" data-hover-background-color=\"#628dc3\" data-hover-border-color=\"#628dc3\" data-hover-color=\"#ffffff\">RESID\u00c8NCIAS LA TORRETA \u00bb<\/a><\/p>\n<\/div>\n<p>[\/vc_column_text][vc_empty_space height=&#8221;250px&#8221;][\/vc_column][\/vc_row]<\/p>\n<\/div>","protected":false},"excerpt":{"rendered":"<p>[vc_row css_animation=&#8221;&#8221; row_type=&#8221;row&#8221; use_row_as_full_screen_section=&#8221;no&#8221; type=&#8221;grid&#8221; angled_section=&#8221;no&#8221; text_align=&#8221;left&#8221; background_image_as_pattern=&#8221;without_pattern&#8221; z_index=&#8221;&#8221;][vc_column][vc_empty_space height=&#8221;90px&#8221;][vc_column_text] ATENCI\u00d3 CENTRADA EN LA PERSONA [\/vc_column_text][vc_separator type=&#8221;small&#8221; position=&#8221;left&#8221; width_in_percentages=&#8221;yes&#8221; color=&#8221;#628dc3&#8243; thickness=&#8221;1,5&#8243; width=&#8221;20&#8243;][vc_empty_space][vc_column_text]L&#8217;ACP\u00a0(Atenci\u00f3 Centrada a la Persona) \u00e9s un model d&#8217;atenci\u00f3 que el que busca \u00e9s mantenir la qualitat de vida de la persona, tenint en&#8230;<\/p>\n","protected":false},"author":2,"featured_media":0,"parent":0,"menu_order":0,"comment_status":"closed","ping_status":"closed","template":"full_width.php","meta":{"footnotes":""},"yst_prominent_words":[],"class_list":["post-2773","page","type-page","status-publish","hentry"],"_links":{"self":[{"href":"https:\/\/residenciaslatorreta.com\/ca\/wp-json\/wp\/v2\/pages\/2773","targetHints":{"allow":["GET"]}}],"collection":[{"href":"https:\/\/residenciaslatorreta.com\/ca\/wp-json\/wp\/v2\/pages"}],"about":[{"href":"https:\/\/residenciaslatorreta.com\/ca\/wp-json\/wp\/v2\/types\/page"}],"author":[{"embeddable":true,"href":"https:\/\/residenciaslatorreta.com\/ca\/wp-json\/wp\/v2\/users\/2"}],"replies":[{"embeddable":true,"href":"https:\/\/residenciaslatorreta.com\/ca\/wp-json\/wp\/v2\/comments?post=2773"}],"version-history":[{"count":8,"href":"https:\/\/residenciaslatorreta.com\/ca\/wp-json\/wp\/v2\/pages\/2773\/revisions"}],"predecessor-version":[{"id":2971,"href":"https:\/\/residenciaslatorreta.com\/ca\/wp-json\/wp\/v2\/pages\/2773\/revisions\/2971"}],"wp:attachment":[{"href":"https:\/\/residenciaslatorreta.com\/ca\/wp-json\/wp\/v2\/media?parent=2773"}],"wp:term":[{"taxonomy":"yst_prominent_words","embeddable":true,"href":"https:\/\/residenciaslatorreta.com\/ca\/wp-json\/wp\/v2\/yst_prominent_words?post=2773"}],"curies":[{"name":"wp","href":"https:\/\/api.w.org\/{rel}","templated":true}]}}