{"id":2767,"date":"2021-06-21T08:18:41","date_gmt":"2021-06-21T08:18:41","guid":{"rendered":"https:\/\/residenciaslatorreta.com\/servicios-hoteleros\/"},"modified":"2021-12-27T20:11:38","modified_gmt":"2021-12-27T20:11:38","slug":"serveis-hotelers","status":"publish","type":"page","link":"https:\/\/residenciaslatorreta.com\/ca\/serveis-hotelers\/","title":{"rendered":"Serveis hotelers"},"content":{"rendered":"<div class=\"wpb-content-wrapper\"><p>[vc_row css_animation=&#8221;&#8221; row_type=&#8221;row&#8221; use_row_as_full_screen_section=&#8221;no&#8221; type=&#8221;grid&#8221; angled_section=&#8221;no&#8221; text_align=&#8221;left&#8221; background_image_as_pattern=&#8221;without_pattern&#8221; z_index=&#8221;&#8221;][vc_column][vc_empty_space height=&#8221;90px&#8221;]<div class='q_icon_with_title medium custom_icon_image '><div class=\"icon_holder \" style=\" \"><img decoding=\"async\" itemprop=\"image\" style=\"\" src=\"https:\/\/residenciaslatorreta.com\/wp-content\/uploads\/2021\/06\/camas.png\" alt=\"\"><\/div><div class=\"icon_text_holder\" style=\"\"><div class=\"icon_text_inner\" style=\"\"><h5 class=\"icon_title\" style=\"\"><\/h5><p style=''><\/p><\/div><\/div><\/div>[vc_column_text]<\/p>\n<h1 class=\"tituloConIcono\">SERVEIS HOTELERS<\/h1>\n<p>[\/vc_column_text][vc_separator type=&#8221;small&#8221; position=&#8221;left&#8221; width_in_percentages=&#8221;yes&#8221; color=&#8221;#628dc3&#8243; thickness=&#8221;1.5&#8243; width=&#8221;20&#8243;][vc_empty_space][vc_column_text]<span style=\"color: #333333;\"> A les <strong><span style=\"color: #628dc3;\">Resid\u00e8ncies\u00a0<span class=\"hiddenGrammarError\" style=\"padding-bottom: 2px; background-image: url('..\/..\/..\/..\/..\/images\/squiggle.png'); background-repeat: repeat-x; background-position: left bottom; cursor: default; font-family: 'Open Sans', Helvetica, Arial, sans-serif; font-size: 16px; font-style: normal; font-variant-ligatures: normal; font-variant-caps: normal; letter-spacing: normal; orphans: 2; text-align: start; text-indent: 0px; text-transform: none; white-space: normal; widows: 2; word-spacing: 0px; -webkit-text-stroke-width: 0px;\">La<\/span>\u00a0Torret<\/span><span style=\"color: #628dc3;\">a<\/span><\/strong>, creiem que tothom ha de rebre, no nom\u00e9s una atenci\u00f3 sanit\u00e0ria adequada, sin\u00f3 tamb\u00e9 una atenci\u00f3 hotelera a l&#8217;al\u00e7ada de les expectatives.<\/span><\/p>\n<p>&nbsp;<\/p>\n<p><span style=\"color: #333333;\">Una casa ha de tenir: cuina ben equipada, menjador, llits confortables, uns sof\u00e0s c\u00f2modes on es pugui asseure tota la fam\u00edlia, una zona on rentar roba i llen\u00e7ols i, si pot ser, una bona terrassa o un jard\u00ed agradable. Doncs tot aix\u00f2 \u00e9s el que posem a la teva disposici\u00f3 a<\/span> <strong><span style=\"color: #628dc3;\">Resid\u00e8ncies\u00a0<span class=\"hiddenGrammarError\" style=\"padding-bottom: 2px; background-image: url('..\/..\/..\/..\/..\/images\/squiggle.png'); background-repeat: repeat-x; background-position: left bottom; cursor: default; font-family: 'Open Sans', Helvetica, Arial, sans-serif; font-size: 16px; font-style: normal; font-variant-ligatures: normal; font-variant-caps: normal; letter-spacing: normal; orphans: 2; text-align: start; text-indent: 0px; text-transform: none; white-space: normal; widows: 2; word-spacing: 0px; -webkit-text-stroke-width: 0px;\">La<\/span>\u00a0Torreta<\/span><\/strong><span style=\"color: #333333;\">, un ambient agradable c\u00f2mode, adequat i amb solucions adequades per a cada espai i persona usu\u00e0ria.<\/span><\/p>\n<p>&nbsp;<\/p>\n<p><span style=\"color: #333333;\">A tots els nostres centres<\/span>\u00a0<strong><span style=\"color: #628dc3;\"><span class=\"hiddenGrammarError\" style=\"padding-bottom: 2px; background-image: url('..\/..\/..\/..\/..\/images\/squiggle.png'); background-repeat: repeat-x; background-position: left bottom; cursor: default; font-family: 'Open Sans', Helvetica, Arial, sans-serif; font-size: 16px; font-style: normal; font-variant-ligatures: normal; font-variant-caps: normal; letter-spacing: normal; orphans: 2; text-align: start; text-indent: 0px; text-transform: none; white-space: normal; widows: 2; word-spacing: 0px; -webkit-text-stroke-width: 0px;\">La<\/span>\u00a0Torreta<\/span><\/strong> <span style=\"color: #333333;\">ens fem c\u00e0rrec de les tasques di\u00e0ries, perqu\u00e8 et sentis com a casa i no hagis d&#8217;ocupar-te de res m\u00e9s. Aix\u00ed, d&#8217;aquesta manera, nom\u00e9s haur\u00e0s de viure c\u00f2modament, en un ambient segur i c\u00e0lid i, a m\u00e9s, amb totes les feines de la llar ja fetes. La nostra prioritat m\u00e0xima \u00e9s el confort i el benestar dels nostres majors, a m\u00e9s de la tranquil\u00b7litat dels seus familiars.<\/span><\/p>\n<p>&nbsp;<\/p>\n<p><span style=\"color: #333333;\">Treballem i dirigim els nostres esfor\u00e7os a crear llar per a totes aquelles fam\u00edlies que confien en nosaltres a trav\u00e9s dels serveis seg\u00fcents:<\/span>[\/vc_column_text][vc_empty_space][\/vc_column][\/vc_row][vc_row css_animation=&#8221;element_from_bottom&#8221; row_type=&#8221;row&#8221; use_row_as_full_screen_section=&#8221;no&#8221; type=&#8221;grid&#8221; angled_section=&#8221;no&#8221; text_align=&#8221;left&#8221; background_image_as_pattern=&#8221;without_pattern&#8221; z_index=&#8221;&#8221;][vc_column width=&#8221;1\/5&#8243;]<div class=\"q_icon_list\"><i class=\"qode_icon_font_awesome fa fa-check qode-ili-icon-holder transparent\" style=\"color: #006799;\" ><\/i><p style=\"color:#006799;\">Cuina propia<\/p><\/div>[\/vc_column][vc_column width=&#8221;1\/5&#8243;]<div class=\"q_icon_list\"><i class=\"qode_icon_font_awesome fa fa-check qode-ili-icon-holder transparent\" style=\"color: #006799;\" ><\/i><p style=\"color:#006799;\">Perruqueria<\/p><\/div>[\/vc_column][vc_column width=&#8221;1\/5&#8243;]<div class=\"q_icon_list\"><i class=\"qode_icon_font_awesome fa fa-check qode-ili-icon-holder transparent\" style=\"color: #006799;\" ><\/i><p style=\"color:#006799;\">Bugadaria<\/p><\/div>[\/vc_column][vc_column width=&#8221;1\/5&#8243;]<div class=\"q_icon_list\"><i class=\"qode_icon_font_awesome fa fa-check qode-ili-icon-holder transparent\" style=\"color: #006799;\" ><\/i><p style=\"color:#006799;\">Manteniment<\/p><\/div>[\/vc_column][vc_column width=&#8221;1\/5&#8243;]<div class=\"q_icon_list\"><i class=\"qode_icon_font_awesome fa fa-check qode-ili-icon-holder transparent\" style=\"color: #006799;\" ><\/i><p style=\"color:#006799;\">Neteja<\/p><\/div>[\/vc_column][\/vc_row][vc_row css_animation=&#8221;&#8221; row_type=&#8221;row&#8221; use_row_as_full_screen_section=&#8221;no&#8221; type=&#8221;full_width&#8221; angled_section=&#8221;no&#8221; text_align=&#8221;left&#8221; background_image_as_pattern=&#8221;without_pattern&#8221;][vc_column][vc_empty_space height=&#8221;90px&#8221;][\/vc_column][\/vc_row][vc_row css_animation=&#8221;&#8221; row_type=&#8221;row&#8221; use_row_as_full_screen_section=&#8221;no&#8221; type=&#8221;full_width&#8221; angled_section=&#8221;no&#8221; text_align=&#8221;left&#8221; background_image_as_pattern=&#8221;without_pattern&#8221; css=&#8221;.vc_custom_1624264413070{background-color: #ffffff !important;}&#8221; z_index=&#8221;&#8221;][vc_column][vc_empty_space height=&#8221;50px&#8221;][\/vc_column][\/vc_row][vc_row css_animation=&#8221;&#8221; row_type=&#8221;row&#8221; use_row_as_full_screen_section=&#8221;no&#8221; type=&#8221;grid&#8221; angled_section=&#8221;no&#8221; text_align=&#8221;left&#8221; background_image_as_pattern=&#8221;without_pattern&#8221; css=&#8221;.vc_custom_1625143665960{background-color: #ffffff !important;}&#8221; z_index=&#8221;&#8221;][vc_column width=&#8221;1\/2&#8243;][vc_single_image image=&#8221;2590&#8243; img_size=&#8221;530&#215;490&#8243; alignment=&#8221;center&#8221; qode_css_animation=&#8221;&#8221; qode_hover_animation=&#8221;bottom_title&#8221;][\/vc_column][vc_column width=&#8221;1\/2&#8243;][vc_single_image image=&#8221;2548&#8243; img_size=&#8221;530&#215;240&#8243; alignment=&#8221;center&#8221; qode_css_animation=&#8221;&#8221; qode_hover_animation=&#8221;bottom_title&#8221;][vc_empty_space height=&#8221;10&#8243;][vc_single_image image=&#8221;2635&#8243; img_size=&#8221;530&#215;240&#8243; alignment=&#8221;center&#8221; qode_css_animation=&#8221;&#8221; qode_hover_animation=&#8221;bottom_title&#8221;][\/vc_column][\/vc_row][vc_row css_animation=&#8221;&#8221; row_type=&#8221;row&#8221; use_row_as_full_screen_section=&#8221;no&#8221; type=&#8221;full_width&#8221; angled_section=&#8221;no&#8221; text_align=&#8221;left&#8221; background_image_as_pattern=&#8221;without_pattern&#8221; css=&#8221;.vc_custom_1624264574731{background-color: #ffffff !important;}&#8221; z_index=&#8221;&#8221;][vc_column][vc_empty_space height=&#8221;50px&#8221;][\/vc_column][\/vc_row][vc_row css_animation=&#8221;&#8221; row_type=&#8221;row&#8221; use_row_as_full_screen_section=&#8221;no&#8221; type=&#8221;grid&#8221; angled_section=&#8221;no&#8221; text_align=&#8221;left&#8221; background_image_as_pattern=&#8221;without_pattern&#8221; z_index=&#8221;&#8221; css=&#8221;.vc_custom_1636371710384{background-image: url(https:\/\/residenciaslatorreta.com\/wp-content\/uploads\/2021\/11\/Actividades-2.jpeg?id=2418) !important;}&#8221;][vc_column][vc_empty_space height=&#8221;300px&#8221;][vc_column_text]<\/p>\n<div style=\"text-align: center;\">\n<h2 style=\"background: rgba(255, 255, 255, 0.91); display: inline-block; padding: 0px 10px; text-align: center;\"><span style=\"color: #628dc3;\">Oferim una gran varietat d&#8217;activitats i tallers per promoure un envelliment feli\u00e7 i saludable <\/span><\/h2>\n<p style=\"text-align: center;\"><a class=\"qbutton medium center enlarge\" style=\"color: #ffffff; border-color: #006799; background-color: #006799; padding-left: 23px; padding-right: 23px; margin-top: 20px; margin-bottom: 20px;\" href=\"https:\/\/residenciaslatorreta.com\/servicios-generales\/\" target=\"_self\" rel=\"noopener\" data-hover-background-color=\"#628dc3\" data-hover-border-color=\"#628dc3\" data-hover-color=\"#ffffff\">ATENCI\u00d3 CENTRADA EN LA PERSONA \u00bb<\/a><\/p>\n<\/div>\n<p>[\/vc_column_text][vc_empty_space height=&#8221;200px&#8221;][\/vc_column][\/vc_row]<\/p>\n<\/div>","protected":false},"excerpt":{"rendered":"<p>[vc_row css_animation=&#8221;&#8221; row_type=&#8221;row&#8221; use_row_as_full_screen_section=&#8221;no&#8221; type=&#8221;grid&#8221; angled_section=&#8221;no&#8221; text_align=&#8221;left&#8221; background_image_as_pattern=&#8221;without_pattern&#8221; z_index=&#8221;&#8221;][vc_column][vc_empty_space height=&#8221;90px&#8221;][vc_column_text] SERVEIS HOTELERS [\/vc_column_text][vc_separator type=&#8221;small&#8221; position=&#8221;left&#8221; width_in_percentages=&#8221;yes&#8221; color=&#8221;#628dc3&#8243; thickness=&#8221;1.5&#8243; width=&#8221;20&#8243;][vc_empty_space][vc_column_text] A les Resid\u00e8ncies\u00a0La\u00a0Torreta, creiem que tothom ha de rebre, no nom\u00e9s una atenci\u00f3 sanit\u00e0ria adequada, sin\u00f3 tamb\u00e9 una atenci\u00f3 hotelera a l&#8217;al\u00e7ada de les expectatives. &nbsp;&#8230;<\/p>\n","protected":false},"author":2,"featured_media":0,"parent":0,"menu_order":0,"comment_status":"closed","ping_status":"closed","template":"full_width.php","meta":{"footnotes":""},"yst_prominent_words":[],"class_list":["post-2767","page","type-page","status-publish","hentry"],"_links":{"self":[{"href":"https:\/\/residenciaslatorreta.com\/ca\/wp-json\/wp\/v2\/pages\/2767","targetHints":{"allow":["GET"]}}],"collection":[{"href":"https:\/\/residenciaslatorreta.com\/ca\/wp-json\/wp\/v2\/pages"}],"about":[{"href":"https:\/\/residenciaslatorreta.com\/ca\/wp-json\/wp\/v2\/types\/page"}],"author":[{"embeddable":true,"href":"https:\/\/residenciaslatorreta.com\/ca\/wp-json\/wp\/v2\/users\/2"}],"replies":[{"embeddable":true,"href":"https:\/\/residenciaslatorreta.com\/ca\/wp-json\/wp\/v2\/comments?post=2767"}],"version-history":[{"count":5,"href":"https:\/\/residenciaslatorreta.com\/ca\/wp-json\/wp\/v2\/pages\/2767\/revisions"}],"predecessor-version":[{"id":2772,"href":"https:\/\/residenciaslatorreta.com\/ca\/wp-json\/wp\/v2\/pages\/2767\/revisions\/2772"}],"wp:attachment":[{"href":"https:\/\/residenciaslatorreta.com\/ca\/wp-json\/wp\/v2\/media?parent=2767"}],"wp:term":[{"taxonomy":"yst_prominent_words","embeddable":true,"href":"https:\/\/residenciaslatorreta.com\/ca\/wp-json\/wp\/v2\/yst_prominent_words?post=2767"}],"curies":[{"name":"wp","href":"https:\/\/api.w.org\/{rel}","templated":true}]}}