{"id":2761,"date":"2021-06-20T16:12:12","date_gmt":"2021-06-20T16:12:12","guid":{"rendered":"https:\/\/residenciaslatorreta.com\/servicios-medico-asistenciales\/"},"modified":"2021-12-27T20:09:55","modified_gmt":"2021-12-27T20:09:55","slug":"serveis-medic-assistencials","status":"publish","type":"page","link":"https:\/\/residenciaslatorreta.com\/ca\/serveis-medic-assistencials\/","title":{"rendered":"Serveis m\u00e8dic-assistencials"},"content":{"rendered":"<div class=\"wpb-content-wrapper\"><p>[vc_row css_animation=&#8221;&#8221; row_type=&#8221;row&#8221; use_row_as_full_screen_section=&#8221;no&#8221; type=&#8221;grid&#8221; angled_section=&#8221;no&#8221; text_align=&#8221;left&#8221; background_image_as_pattern=&#8221;without_pattern&#8221; z_index=&#8221;&#8221;][vc_column][vc_empty_space height=&#8221;90px&#8221;]<div class='q_icon_with_title medium custom_icon_image '><div class=\"icon_holder \" style=\" \"><img decoding=\"async\" itemprop=\"image\" style=\"\" src=\"https:\/\/residenciaslatorreta.com\/wp-content\/uploads\/2021\/06\/cuidado-de-la-salud.png\" alt=\"\"><\/div><div class=\"icon_text_holder\" style=\"\"><div class=\"icon_text_inner\" style=\"\"><h5 class=\"icon_title\" style=\"\"><\/h5><p style=''><\/p><\/div><\/div><\/div>[vc_column_text]<\/p>\n<h1 class=\"tituloConIcono\">SERVEIS<br \/>\nM\u00c8DIC-ASSISTENCIALS<\/h1>\n<p>[\/vc_column_text][vc_separator type=&#8221;small&#8221; position=&#8221;left&#8221; width_in_percentages=&#8221;yes&#8221; color=&#8221;#628dc3&#8243; thickness=&#8221;1,5&#8243; width=&#8221;20&#8243;][vc_empty_space][vc_column_text]<span style=\"color: #333333;\">El que diferencia una resid\u00e8ncia de persones grans dels seus propis domicilis \u00e9s principalment, els serveis m\u00e8dics i assistencials que hi puguin haver a aquesta resid\u00e8ncia. Per aquesta ra\u00f3, una adequada assist\u00e8ncia sanit\u00e0ria i social \u00e9s fonamental en aquesta etapa de vida per garantir el benestar i la salut de la gent gran. Els Centres de<\/span> <strong><span style=\"color: #628dc3;\">Resid\u00e8ncies\u00a0<span class=\"hiddenGrammarError\" style=\"padding-bottom: 2px; background-image: url('..\/..\/..\/..\/..\/images\/squiggle.png'); background-repeat: repeat-x; background-position: left bottom; cursor: default; font-family: 'Open Sans', Helvetica, Arial, sans-serif; font-size: 16px; font-style: normal; font-variant-ligatures: normal; font-variant-caps: normal; letter-spacing: normal; orphans: 2; text-align: start; text-indent: 0px; text-transform: none; white-space: normal; widows: 2; word-spacing: 0px; -webkit-text-stroke-width: 0px;\">La<\/span>\u00a0Torreta<\/span><\/strong> <span style=\"color: #333333;\">s\u00f3n, entorns segurs que permeten atendre cada persona d&#8217;una manera individualitzada, tamb\u00e9 a la part sanit\u00e0ria.<\/span><\/p>\n<p>&nbsp;<\/p>\n<p><span style=\"color: #333333;\">A<\/span> <strong><span style=\"color: #628dc3;\">Resid\u00e8ncies\u00a0<span class=\"hiddenGrammarError\" style=\"padding-bottom: 2px; background-image: url('..\/..\/..\/..\/..\/images\/squiggle.png'); background-repeat: repeat-x; background-position: left bottom; cursor: default; font-family: 'Open Sans', Helvetica, Arial, sans-serif; font-size: 16px; font-style: normal; font-variant-ligatures: normal; font-variant-caps: normal; letter-spacing: normal; orphans: 2; text-align: start; text-indent: 0px; text-transform: none; white-space: normal; widows: 2; word-spacing: 0px; -webkit-text-stroke-width: 0px;\">La<\/span>\u00a0Torreta<\/span><\/strong><span style=\"color: #333333;\">, oferim els nostres serveis m\u00e8dics i assistencials, des del contacte directe amb les fam\u00edlies i el coneixement de les singularitats de la salut de cada persona resident. L&#8217;equilibri entre la transpar\u00e8ncia amb les fam\u00edlies i la privadesa i confidencialitat amb els usuaris fa que el nostre servei d&#8217;atenci\u00f3 sanit\u00e0ria sigui un verdader referent en el sector de l&#8217;atenci\u00f3 a la gent gran. El nostre comprom\u00eds \u00e9s la promoci\u00f3 de l&#8217;assist\u00e8ncia personalitzada, la conviv\u00e8ncia, la integraci\u00f3 i la relaci\u00f3 amb el medi social.<\/span><\/p>\n<p>&nbsp;<\/p>\n<p><span style=\"color: #333333;\">Disposem a la resid\u00e8ncia de professionals de diferents \u00e0mbits sanitaris i ens coordinem amb els especialistes externs de les diferents especialitats aix\u00ed com amb els metges de cap\u00e7alera, garantint el seguiment de les prescripcions particulars de cada usuari del centre.<\/span><\/p>\n<p>&nbsp;<\/p>\n<p><span style=\"color: #333333;\">El nostre Model Assistencial parteix de les seg\u00fcents premisses:<\/span><\/p>\n<p><span style=\"color: #333333;\">Atenci\u00f3 Global i integral. Assist\u00e8ncia, social i Sanit\u00e0ria.<\/span><br \/>\n<span style=\"color: #333333;\">Atenci\u00f3 individual i Personalitzada o\u00a0<span class=\"hiddenSpellError\">ACP<\/span>\u00a0(Atenci\u00f3 Centrada en les Persones)<\/span><br \/>\n<span style=\"color: #333333;\">Amb la participaci\u00f3 activa del resident i la integraci\u00f3 familiar.<\/span>[\/vc_column_text][vc_empty_space height=&#8221;90&#8243;][\/vc_column][\/vc_row][vc_row css_animation=&#8221;element_from_bottom&#8221; row_type=&#8221;row&#8221; use_row_as_full_screen_section=&#8221;no&#8221; type=&#8221;grid&#8221; angled_section=&#8221;no&#8221; text_align=&#8221;left&#8221; background_image_as_pattern=&#8221;without_pattern&#8221; z_index=&#8221;&#8221;][vc_column width=&#8221;1\/6&#8243;]<div class=\"q_icon_list\"><i class=\"qode_icon_font_awesome fa fa-check qode-ili-icon-holder transparent\" style=\"color: #006799;\" ><\/i><p style=\"color:#006799;\">Atenci\u00f3 m\u00e8dica<\/p><\/div>[\/vc_column][vc_column width=&#8221;1\/6&#8243;]<div class=\"q_icon_list\"><i class=\"qode_icon_font_awesome fa fa-check qode-ili-icon-holder transparent\" style=\"color: #006799;\" ><\/i><p style=\"color:#006799;\">Atenci\u00f3 psicol\u00f2gica<\/p><\/div>[\/vc_column][vc_column width=&#8221;1\/6&#8243;]<div class=\"q_icon_list\"><i class=\"qode_icon_font_awesome fa fa-check qode-ili-icon-holder transparent\" style=\"color: #006799;\" ><\/i><p style=\"color:#006799;\">Valoraci\u00f3 Neuropsicol\u00f2gica<\/p><\/div>[\/vc_column][vc_column width=&#8221;1\/6&#8243;]<div class=\"q_icon_list\"><i class=\"qode_icon_font_awesome fa fa-check qode-ili-icon-holder transparent\" style=\"color: #006799;\" ><\/i><p style=\"color:#006799;\">Estimulaci\u00f3 cognitiva<\/p><\/div>[\/vc_column][vc_column width=&#8221;1\/6&#8243;]<div class=\"q_icon_list\"><i class=\"qode_icon_font_awesome fa fa-check qode-ili-icon-holder transparent\" style=\"color: #006799;\" ><\/i><p style=\"color:#006799;\">Servei religi\u00f3s<\/p><\/div>[\/vc_column][vc_column width=&#8221;1\/6&#8243;]<div class=\"q_icon_list\"><i class=\"qode_icon_font_awesome fa fa-check qode-ili-icon-holder transparent\" style=\"color: #006799;\" ><\/i><p style=\"color:#006799;\">Infermeria<\/p><\/div>[\/vc_column][\/vc_row][vc_row css_animation=&#8221;element_from_bottom&#8221; row_type=&#8221;row&#8221; use_row_as_full_screen_section=&#8221;no&#8221; type=&#8221;grid&#8221; angled_section=&#8221;no&#8221; text_align=&#8221;left&#8221; background_image_as_pattern=&#8221;without_pattern&#8221; z_index=&#8221;&#8221;][vc_column width=&#8221;1\/6&#8243;]<div class=\"q_icon_list\"><i class=\"qode_icon_font_awesome fa fa-check qode-ili-icon-holder transparent\" style=\"color: #006799;\" ><\/i><p style=\"color:#006799;\">Gesti\u00f3 y administraci\u00f3 de receptes<\/p><\/div>[\/vc_column][vc_column width=&#8221;1\/6&#8243;]<div class=\"q_icon_list\"><i class=\"qode_icon_font_awesome fa fa-check qode-ili-icon-holder transparent\" style=\"color: #006799;\" ><\/i><p style=\"color:#006799;\">Servei d'acompanyament<\/p><\/div>[\/vc_column][vc_column width=&#8221;1\/6&#8243;]<div class=\"q_icon_list\"><i class=\"qode_icon_font_awesome fa fa-check qode-ili-icon-holder transparent\" style=\"color: #006799;\" ><\/i><p style=\"color:#006799;\">Assessorament a l'entorn familiar<\/p><\/div>[\/vc_column][vc_column width=&#8221;1\/6&#8243;]<div class=\"q_icon_list\"><i class=\"qode_icon_font_awesome fa fa-check qode-ili-icon-holder transparent\" style=\"color: #006799;\" ><\/i><p style=\"color:#006799;\">Assessorament Llei de la Depend\u00e8ncia<\/p><\/div>[\/vc_column][vc_column width=&#8221;1\/6&#8243;]<div class=\"q_icon_list\"><i class=\"qode_icon_font_awesome fa fa-check qode-ili-icon-holder transparent\" style=\"color: #006799;\" ><\/i><p style=\"color:#006799;\">Treball social<\/p><\/div>[\/vc_column][vc_column width=&#8221;1\/6&#8243;]<div class=\"q_icon_list\"><i class=\"qode_icon_font_awesome fa fa-check qode-ili-icon-holder transparent\" style=\"color: #006799;\" ><\/i><p style=\"color:#006799;\">Podologia<\/p><\/div>[\/vc_column][\/vc_row][vc_row css_animation=&#8221;&#8221; row_type=&#8221;row&#8221; use_row_as_full_screen_section=&#8221;no&#8221; type=&#8221;full_width&#8221; angled_section=&#8221;no&#8221; text_align=&#8221;left&#8221; background_image_as_pattern=&#8221;without_pattern&#8221; z_index=&#8221;&#8221;][vc_column][vc_empty_space height=&#8221;50px&#8221;][\/vc_column][\/vc_row][vc_row css_animation=&#8221;&#8221; row_type=&#8221;row&#8221; use_row_as_full_screen_section=&#8221;no&#8221; type=&#8221;full_width&#8221; angled_section=&#8221;no&#8221; text_align=&#8221;left&#8221; background_image_as_pattern=&#8221;without_pattern&#8221; css=&#8221;.vc_custom_1624209389963{background-color: #ffffff !important;}&#8221; z_index=&#8221;&#8221;][vc_column][vc_empty_space height=&#8221;50px&#8221;][\/vc_column][\/vc_row][vc_row css_animation=&#8221;&#8221; row_type=&#8221;row&#8221; use_row_as_full_screen_section=&#8221;no&#8221; type=&#8221;grid&#8221; angled_section=&#8221;no&#8221; text_align=&#8221;left&#8221; background_image_as_pattern=&#8221;without_pattern&#8221; css=&#8221;.vc_custom_1624209162231{background-color: #ffffff !important;}&#8221; z_index=&#8221;&#8221;][vc_column width=&#8221;1\/2&#8243;][vc_single_image image=&#8221;2668&#8243; img_size=&#8221;530&#215;490&#8243; alignment=&#8221;center&#8221; qode_css_animation=&#8221;&#8221; qode_hover_animation=&#8221;bottom_title&#8221;][\/vc_column][vc_column width=&#8221;1\/2&#8243;][vc_single_image image=&#8221;2672&#8243; img_size=&#8221;530&#215;240&#8243; alignment=&#8221;center&#8221; qode_css_animation=&#8221;&#8221; qode_hover_animation=&#8221;bottom_title&#8221;][vc_empty_space height=&#8221;10&#8243;][vc_single_image image=&#8221;2673&#8243; img_size=&#8221;530&#215;240&#8243; alignment=&#8221;center&#8221; qode_css_animation=&#8221;&#8221; qode_hover_animation=&#8221;bottom_title&#8221;][\/vc_column][\/vc_row][vc_row css_animation=&#8221;&#8221; row_type=&#8221;row&#8221; use_row_as_full_screen_section=&#8221;no&#8221; type=&#8221;grid&#8221; angled_section=&#8221;no&#8221; text_align=&#8221;left&#8221; background_image_as_pattern=&#8221;without_pattern&#8221; z_index=&#8221;&#8221; css=&#8221;.vc_custom_1624209197770{background-color: #ffffff !important;}&#8221;][vc_column][vc_empty_space height=&#8221;50px&#8221;][\/vc_column][\/vc_row][vc_row css_animation=&#8221;&#8221; row_type=&#8221;row&#8221; use_row_as_full_screen_section=&#8221;no&#8221; type=&#8221;grid&#8221; angled_section=&#8221;no&#8221; text_align=&#8221;left&#8221; background_image_as_pattern=&#8221;without_pattern&#8221; css=&#8221;.vc_custom_1631810628449{background-image: url(https:\/\/residenciaslatorreta.com\/wp-content\/uploads\/2021\/09\/Foto-Habitacio\u0301n-1.jpeg?id=2007) !important;}&#8221; z_index=&#8221;&#8221;][vc_column][vc_empty_space height=&#8221;200px&#8221;][vc_column_text]<\/p>\n<div style=\"text-align: center;\">\n<h2 style=\"background: rgba(255, 255, 255, 0.91); display: inline-block; padding: 0px 10px; text-align: center;\"><span style=\"color: #628dc3;\">Una llar on ho trobar\u00e0s tot fet <\/span><\/h2>\n<p style=\"text-align: center;\"><a class=\"qbutton medium center enlarge\" style=\"color: #ffffff; border-color: #006799; background-color: #006799; padding-left: 23px; padding-right: 23px; margin-top: 20px; margin-bottom: 20px;\" href=\"https:\/\/residenciaslatorreta.com\/servicios-hoteleros\/\" target=\"_self\" rel=\"noopener\" data-hover-background-color=\"#628dc3\" data-hover-border-color=\"#628dc3\" data-hover-color=\"#ffffff\">SERVEIS HOTELERS\u00bb<\/a><\/p>\n<\/div>\n<p>[\/vc_column_text][vc_empty_space height=&#8221;200px&#8221;][\/vc_column][\/vc_row]<\/p>\n<\/div>","protected":false},"excerpt":{"rendered":"<p>[vc_row css_animation=&#8221;&#8221; row_type=&#8221;row&#8221; use_row_as_full_screen_section=&#8221;no&#8221; type=&#8221;grid&#8221; angled_section=&#8221;no&#8221; text_align=&#8221;left&#8221; background_image_as_pattern=&#8221;without_pattern&#8221; z_index=&#8221;&#8221;][vc_column][vc_empty_space height=&#8221;90px&#8221;][vc_column_text] SERVEIS M\u00c8DIC-ASSISTENCIALS [\/vc_column_text][vc_separator type=&#8221;small&#8221; position=&#8221;left&#8221; width_in_percentages=&#8221;yes&#8221; color=&#8221;#628dc3&#8243; thickness=&#8221;1,5&#8243; width=&#8221;20&#8243;][vc_empty_space][vc_column_text]El que diferencia una resid\u00e8ncia de persones grans dels seus propis domicilis \u00e9s principalment, els serveis m\u00e8dics i assistencials que hi puguin haver a aquesta resid\u00e8ncia. Per&#8230;<\/p>\n","protected":false},"author":2,"featured_media":0,"parent":0,"menu_order":0,"comment_status":"closed","ping_status":"closed","template":"full_width.php","meta":{"footnotes":""},"yst_prominent_words":[],"class_list":["post-2761","page","type-page","status-publish","hentry"],"_links":{"self":[{"href":"https:\/\/residenciaslatorreta.com\/ca\/wp-json\/wp\/v2\/pages\/2761","targetHints":{"allow":["GET"]}}],"collection":[{"href":"https:\/\/residenciaslatorreta.com\/ca\/wp-json\/wp\/v2\/pages"}],"about":[{"href":"https:\/\/residenciaslatorreta.com\/ca\/wp-json\/wp\/v2\/types\/page"}],"author":[{"embeddable":true,"href":"https:\/\/residenciaslatorreta.com\/ca\/wp-json\/wp\/v2\/users\/2"}],"replies":[{"embeddable":true,"href":"https:\/\/residenciaslatorreta.com\/ca\/wp-json\/wp\/v2\/comments?post=2761"}],"version-history":[{"count":5,"href":"https:\/\/residenciaslatorreta.com\/ca\/wp-json\/wp\/v2\/pages\/2761\/revisions"}],"predecessor-version":[{"id":2766,"href":"https:\/\/residenciaslatorreta.com\/ca\/wp-json\/wp\/v2\/pages\/2761\/revisions\/2766"}],"wp:attachment":[{"href":"https:\/\/residenciaslatorreta.com\/ca\/wp-json\/wp\/v2\/media?parent=2761"}],"wp:term":[{"taxonomy":"yst_prominent_words","embeddable":true,"href":"https:\/\/residenciaslatorreta.com\/ca\/wp-json\/wp\/v2\/yst_prominent_words?post=2761"}],"curies":[{"name":"wp","href":"https:\/\/api.w.org\/{rel}","templated":true}]}}