{"id":2750,"date":"2021-11-08T10:21:16","date_gmt":"2021-11-08T10:21:16","guid":{"rendered":"https:\/\/residenciaslatorreta.com\/nuestros-valores\/"},"modified":"2025-06-11T09:36:41","modified_gmt":"2025-06-11T09:36:41","slug":"nostres-valors","status":"publish","type":"page","link":"https:\/\/residenciaslatorreta.com\/ca\/nostres-valors\/","title":{"rendered":"Els nostres valors"},"content":{"rendered":"<div class=\"wpb-content-wrapper\"><p>[vc_row css_animation=&#8221;&#8221; row_type=&#8221;row&#8221; use_row_as_full_screen_section=&#8221;no&#8221; type=&#8221;grid&#8221; angled_section=&#8221;no&#8221; text_align=&#8221;left&#8221; background_image_as_pattern=&#8221;without_pattern&#8221; z_index=&#8221;&#8221;][vc_column][vc_empty_space height=&#8221;180px&#8221;][vc_column_text]<\/p>\n<h1><span style=\"color: #006799;\"><strong>ELS NOSTRES VALORS<\/strong><\/span><\/h1>\n<p>[\/vc_column_text][vc_separator type=&#8221;small&#8221; position=&#8221;left&#8221; width_in_percentages=&#8221;yes&#8221; color=&#8221;#628dc3&#8243; thickness=&#8221;1,5&#8243; width=&#8221;20&#8243;][vc_empty_space height=&#8221;50px&#8221;][\/vc_column][\/vc_row][vc_row css_animation=&#8221;&#8221; row_type=&#8221;row&#8221; use_row_as_full_screen_section=&#8221;no&#8221; type=&#8221;grid&#8221; angled_section=&#8221;no&#8221; text_align=&#8221;left&#8221; background_image_as_pattern=&#8221;without_pattern&#8221; z_index=&#8221;&#8221;][vc_column width=&#8221;1\/3&#8243;][vc_empty_space height=&#8221;15px&#8221;][vc_single_image image=&#8221;2683&#8243; img_size=&#8221;350X200&#8243; alignment=&#8221;center&#8221; qode_css_animation=&#8221;&#8221; qode_hover_animation=&#8221;zoom_in&#8221;][vc_empty_space height=&#8221;15px&#8221;][vc_column_text css=&#8221;.vc_custom_1640602709143{border-top-width: 4px !important;border-right-width: 4px !important;border-bottom-width: 4px !important;border-left-width: 4px !important;background-color: #006799 !important;border-left-color: #006799 !important;border-left-style: solid !important;border-right-color: #006799 !important;border-right-style: solid !important;border-top-color: #006799 !important;border-top-style: solid !important;border-bottom-color: #006799 !important;border-bottom-style: solid !important;border-radius: 1px !important;}&#8221;]<\/p>\n<p id=\"tw-target-text\" class=\"tw-data-text tw-text-large tw-ta\" dir=\"ltr\" style=\"text-align: center;\" data-placeholder=\"Translation\"><strong><span class=\"Y2IQFc\" lang=\"ca\" style=\"color: #ffffff;\">TRANQUIL\u00b7LITAT<\/span><\/strong><\/p>\n<p>[\/vc_column_text][\/vc_column][vc_column width=&#8221;1\/3&#8243;][vc_empty_space height=&#8221;15px&#8221;][vc_single_image image=&#8221;9094&#8243; img_size=&#8221;350X200&#8243; alignment=&#8221;center&#8221; css=&#8221;&#8221; qode_css_animation=&#8221;&#8221; qode_hover_animation=&#8221;zoom_in&#8221;][vc_empty_space height=&#8221;15px&#8221;][vc_column_text css=&#8221;.vc_custom_1640602733370{border-top-width: 4px !important;border-right-width: 4px !important;border-bottom-width: 4px !important;border-left-width: 4px !important;background-color: #006799 !important;border-left-color: #006799 !important;border-left-style: solid !important;border-right-color: #006799 !important;border-right-style: solid !important;border-top-color: #006799 !important;border-top-style: solid !important;border-bottom-color: #006799 !important;border-bottom-style: solid !important;border-radius: 1px !important;}&#8221;]<\/p>\n<p style=\"text-align: center;\"><strong><span style=\"color: #ffffff;\">VOCACI\u00d3<\/span><\/strong><\/p>\n<p>[\/vc_column_text][\/vc_column][vc_column width=&#8221;1\/3&#8243;][vc_empty_space height=&#8221;15px&#8221;][vc_single_image image=&#8221;2654&#8243; img_size=&#8221;350X200&#8243; alignment=&#8221;center&#8221; qode_css_animation=&#8221;&#8221; qode_hover_animation=&#8221;zoom_in&#8221;][vc_empty_space height=&#8221;15px&#8221;][vc_column_text css=&#8221;.vc_custom_1640602759987{border-top-width: 4px !important;border-right-width: 4px !important;border-bottom-width: 4px !important;border-left-width: 4px !important;background-color: #006799 !important;border-left-color: #006799 !important;border-left-style: solid !important;border-right-color: #006799 !important;border-right-style: solid !important;border-top-color: #006799 !important;border-top-style: solid !important;border-bottom-color: #006799 !important;border-bottom-style: solid !important;border-radius: 1px !important;}&#8221;]<\/p>\n<p style=\"text-align: center;\"><span style=\"color: #ffffff;\"><strong>CONFIAN\u00c7A<\/strong><\/span><\/p>\n<p>[\/vc_column_text][\/vc_column][\/vc_row][vc_row css_animation=&#8221;&#8221; row_type=&#8221;row&#8221; use_row_as_full_screen_section=&#8221;no&#8221; type=&#8221;full_width&#8221; angled_section=&#8221;no&#8221; text_align=&#8221;left&#8221; background_image_as_pattern=&#8221;without_pattern&#8221; z_index=&#8221;&#8221;][vc_column][vc_empty_space height=&#8221;50px&#8221;][\/vc_column][\/vc_row][vc_row css_animation=&#8221;element_from_bottom&#8221; row_type=&#8221;row&#8221; use_row_as_full_screen_section=&#8221;no&#8221; type=&#8221;grid&#8221; angled_section=&#8221;no&#8221; text_align=&#8221;center&#8221; background_image_as_pattern=&#8221;without_pattern&#8221; z_index=&#8221;&#8221; css=&#8221;.vc_custom_1636369492860{background-color: #006799 !important;}&#8221;][vc_column][vc_empty_space height=&#8221;50px&#8221;][vc_column_text]<\/p>\n<h2 class=\"espaciado\" style=\"text-align: left;\"><span style=\"color: #ffffff;\"><strong>TRANQUIL\u00b7LITAT<\/strong><\/span><\/h2>\n<p>[\/vc_column_text][vc_empty_space height=&#8221;10px&#8221;][vc_column_text]<\/p>\n<p style=\"text-align: left;\"><strong><span style=\"color: #ffffff;\">Ens avalen m\u00e9s de\u00a0<span class=\"hiddenGreenError\">20<\/span>\u00a0anys d&#8217;experi\u00e8ncia al sector de la tercera edat<\/span><\/strong><\/p>\n<p style=\"text-align: left;\"><strong><span style=\"color: #ffffff;\">Tots els nostres centres i instal\u00b7lacions compleixen els protocols de seguretat vigents, garantint el benestar dels nostres residents i la satisfacci\u00f3 de les fam\u00edlies.<\/span><\/strong><\/p>\n<p>[\/vc_column_text][vc_empty_space][vc_column_text]<\/p>\n<h2 id=\"tw-target-text\" class=\"tw-data-text tw-text-large tw-ta\" dir=\"ltr\" style=\"text-align: left;\" data-placeholder=\"Translation\"><span style=\"color: #ffffff;\"><strong><span class=\"Y2IQFc\" lang=\"ca\">COM HO FEM<\/span><\/strong><\/span><\/h2>\n<p>[\/vc_column_text][vc_empty_space height=&#8221;10px&#8221;][vc_column_text]<\/p>\n<p style=\"text-align: left;\"><strong><span style=\"color: #ffffff;\">Estudiem i treballem la biografia de la persona, les caracter\u00edstiques personals, les necessitats, prefer\u00e8ncies i expectatives, amb l&#8217;objectiu de dissenyar conjuntament el dia a dia i que l&#8217;usuari vegi satisfetes\u00a0les expectatives vitals.<\/span><\/strong><\/p>\n<p>[\/vc_column_text][vc_empty_space height=&#8221;50px&#8221;][\/vc_column][\/vc_row][vc_row css_animation=&#8221;&#8221; row_type=&#8221;row&#8221; use_row_as_full_screen_section=&#8221;no&#8221; type=&#8221;full_width&#8221; angled_section=&#8221;no&#8221; text_align=&#8221;left&#8221; background_image_as_pattern=&#8221;without_pattern&#8221; z_index=&#8221;&#8221; css=&#8221;.vc_custom_1636368642603{background-color: #ffffff !important;}&#8221;][vc_column][vc_empty_space height=&#8221;50px&#8221;][\/vc_column][\/vc_row][vc_row css_animation=&#8221;&#8221; row_type=&#8221;row&#8221; use_row_as_full_screen_section=&#8221;no&#8221; type=&#8221;grid&#8221; angled_section=&#8221;no&#8221; text_align=&#8221;left&#8221; background_image_as_pattern=&#8221;without_pattern&#8221; css=&#8221;.vc_custom_1624209162231{background-color: #ffffff !important;}&#8221; z_index=&#8221;&#8221;][vc_column width=&#8221;1\/2&#8243;][vc_single_image image=&#8221;2659&#8243; img_size=&#8221;530&#215;490&#8243; alignment=&#8221;center&#8221; qode_css_animation=&#8221;&#8221; qode_hover_animation=&#8221;zoom_in&#8221;][\/vc_column][vc_column width=&#8221;1\/2&#8243;][vc_single_image image=&#8221;5617&#8243; img_size=&#8221;530&#215;240&#8243; alignment=&#8221;center&#8221; qode_css_animation=&#8221;&#8221; qode_hover_animation=&#8221;zoom_in&#8221;][vc_empty_space height=&#8221;10&#8243;][vc_single_image image=&#8221;7663&#8243; img_size=&#8221;530&#215;240&#8243; alignment=&#8221;center&#8221; qode_css_animation=&#8221;&#8221; qode_hover_animation=&#8221;zoom_in&#8221;][\/vc_column][\/vc_row][vc_row css_animation=&#8221;&#8221; row_type=&#8221;row&#8221; use_row_as_full_screen_section=&#8221;no&#8221; type=&#8221;grid&#8221; angled_section=&#8221;no&#8221; text_align=&#8221;left&#8221; background_image_as_pattern=&#8221;without_pattern&#8221; z_index=&#8221;&#8221; css=&#8221;.vc_custom_1624209197770{background-color: #ffffff !important;}&#8221;][vc_column][vc_empty_space height=&#8221;50px&#8221;][\/vc_column][\/vc_row][vc_row css_animation=&#8221;element_from_bottom&#8221; row_type=&#8221;row&#8221; use_row_as_full_screen_section=&#8221;no&#8221; type=&#8221;grid&#8221; angled_section=&#8221;no&#8221; text_align=&#8221;center&#8221; background_image_as_pattern=&#8221;without_pattern&#8221; z_index=&#8221;&#8221; css=&#8221;.vc_custom_1636369660811{background-color: #006799 !important;}&#8221;][vc_column][vc_empty_space height=&#8221;50px&#8221;][vc_column_text]<\/p>\n<h2 class=\"espaciado\" style=\"text-align: left;\"><strong><span style=\"color: #ffffff;\">VOCACI\u00d3<\/span><\/strong><\/h2>\n<p>[\/vc_column_text][vc_empty_space height=&#8221;10&#8243;][vc_column_text]<\/p>\n<p style=\"text-align: left;\"><strong><span style=\"color: #ffffff;\">La selecci\u00f3 del nostre equip est\u00e1 basada en la experiencia, les habilitats profesionales, la seva sensibilitat i, sobretot, en la qualitat humana.<\/span><\/strong><\/p>\n<p>[\/vc_column_text][vc_empty_space][vc_column_text]<\/p>\n<h2 class=\"espaciado\" style=\"text-align: left;\"><strong><span style=\"color: #ffffff;\">COM HO FEM<\/span><\/strong><\/h2>\n<p>[\/vc_column_text][vc_empty_space height=&#8221;10&#8243;][vc_column_text]<\/p>\n<p style=\"text-align: left;\"><strong><span style=\"color: #ffffff;\">Als centres del grup <span class=\"hiddenGrammarError\" style=\"padding-bottom: 2px; background-image: url('..\/..\/..\/..\/..\/images\/squiggle.png'); background-repeat: repeat-x; background-position: left bottom; cursor: default; font-family: 'Open Sans', Helvetica, Arial, sans-serif; font-size: 16px; font-style: normal; font-variant-ligatures: normal; font-variant-caps: normal; letter-spacing: normal; orphans: 2; text-align: start; text-indent: 0px; text-transform: none; white-space: normal; widows: 2; word-spacing: 0px; -webkit-text-stroke-width: 0px;\">La<\/span>\u00a0Torreta comptem amb un equip professional interdisciplinari, que treballa dia a dia per promoure la salut i la cura de les nostres persones usu\u00e0ries. D&#8217;aquesta manera garantim una assist\u00e8ncia professional continuada en un entorn estimulant i afectiu.<\/span><\/strong><\/p>\n<p>[\/vc_column_text][vc_empty_space height=&#8221;50px&#8221;][\/vc_column][\/vc_row][vc_row css_animation=&#8221;&#8221; row_type=&#8221;row&#8221; use_row_as_full_screen_section=&#8221;no&#8221; type=&#8221;full_width&#8221; angled_section=&#8221;no&#8221; text_align=&#8221;left&#8221; background_image_as_pattern=&#8221;without_pattern&#8221; z_index=&#8221;&#8221; css=&#8221;.vc_custom_1636368642603{background-color: #ffffff !important;}&#8221;][vc_column][vc_empty_space height=&#8221;50px&#8221;][\/vc_column][\/vc_row][vc_row css_animation=&#8221;&#8221; row_type=&#8221;row&#8221; use_row_as_full_screen_section=&#8221;no&#8221; type=&#8221;grid&#8221; angled_section=&#8221;no&#8221; text_align=&#8221;left&#8221; background_image_as_pattern=&#8221;without_pattern&#8221; css=&#8221;.vc_custom_1624209162231{background-color: #ffffff !important;}&#8221; z_index=&#8221;&#8221;][vc_column width=&#8221;1\/2&#8243;][vc_single_image image=&#8221;7672&#8243; img_size=&#8221;530&#215;490&#8243; alignment=&#8221;center&#8221; qode_css_animation=&#8221;&#8221; qode_hover_animation=&#8221;zoom_in&#8221;][\/vc_column][vc_column width=&#8221;1\/2&#8243;][vc_single_image image=&#8221;9094&#8243; img_size=&#8221;530&#215;490&#8243; alignment=&#8221;center&#8221; css=&#8221;&#8221; qode_css_animation=&#8221;&#8221; qode_hover_animation=&#8221;zoom_in&#8221;][\/vc_column][\/vc_row][vc_row css_animation=&#8221;&#8221; row_type=&#8221;row&#8221; use_row_as_full_screen_section=&#8221;no&#8221; type=&#8221;full_width&#8221; angled_section=&#8221;no&#8221; text_align=&#8221;left&#8221; background_image_as_pattern=&#8221;without_pattern&#8221; z_index=&#8221;&#8221; css=&#8221;.vc_custom_1636368642603{background-color: #ffffff !important;}&#8221;][vc_column][vc_empty_space height=&#8221;50px&#8221;][\/vc_column][\/vc_row][vc_row css_animation=&#8221;element_from_bottom&#8221; row_type=&#8221;row&#8221; use_row_as_full_screen_section=&#8221;no&#8221; type=&#8221;grid&#8221; angled_section=&#8221;no&#8221; text_align=&#8221;center&#8221; background_image_as_pattern=&#8221;without_pattern&#8221; z_index=&#8221;&#8221; css=&#8221;.vc_custom_1636369721144{background-color: #006799 !important;}&#8221;][vc_column][vc_empty_space height=&#8221;50px&#8221;][vc_column_text]<\/p>\n<h2 class=\"espaciado\" style=\"text-align: left;\"><strong><span style=\"color: #ffffff;\">CONFIAN\u00c7A<\/span><\/strong><\/h2>\n<p>[\/vc_column_text][vc_empty_space height=&#8221;10&#8243;][vc_column_text]<\/p>\n<p style=\"text-align: left;\"><strong><span style=\"color: #ffffff;\">Cuidem la salut de les persones des de l&#8217;amor i la confian\u00e7a. El nostre model d&#8217;atenci\u00f3 es fonamenta a complementar la fam\u00edlia formant junts un equip s\u00f2lid, una nova llar.<\/span><\/strong><\/p>\n<p>[\/vc_column_text][vc_empty_space height=&#8221;32&#8243;][vc_column_text]<\/p>\n<h2 class=\"espaciado\" style=\"text-align: left;\"><strong><span style=\"color: #ffffff;\">COM HO FEM<\/span><\/strong><\/h2>\n<p>[\/vc_column_text][vc_empty_space height=&#8221;10&#8243;][vc_column_text]<\/p>\n<p style=\"text-align: left;\"><span style=\"color: #ffffff;\"><strong>El nostre model assistencial es basa en l&#8217;atenci\u00f3\u00a0centrada en la persona, que \u00e9s atendre cada persona tal com ella i els seus familiars volen. Respectant les singularitats de cadascuna de les nostres persones usu\u00e0ries, els seus gustos, prefer\u00e8ncies i desitjos. Promovem la interacci\u00f3 de la persona amb l&#8217;entorn, tant familiar com comunitari garantint la continu\u00eftat de la seva hist\u00f2ria de vida.<\/strong><\/span><\/p>\n<p>[\/vc_column_text][vc_empty_space height=&#8221;50px&#8221;][\/vc_column][\/vc_row][vc_row css_animation=&#8221;&#8221; row_type=&#8221;row&#8221; use_row_as_full_screen_section=&#8221;no&#8221; type=&#8221;full_width&#8221; angled_section=&#8221;no&#8221; text_align=&#8221;left&#8221; background_image_as_pattern=&#8221;without_pattern&#8221; z_index=&#8221;&#8221; css=&#8221;.vc_custom_1636368642603{background-color: #ffffff !important;}&#8221;][vc_column][vc_empty_space height=&#8221;50px&#8221;][\/vc_column][\/vc_row][vc_row css_animation=&#8221;&#8221; row_type=&#8221;row&#8221; use_row_as_full_screen_section=&#8221;no&#8221; type=&#8221;grid&#8221; angled_section=&#8221;no&#8221; text_align=&#8221;left&#8221; background_image_as_pattern=&#8221;without_pattern&#8221; css=&#8221;.vc_custom_1624209162231{background-color: #ffffff !important;}&#8221; z_index=&#8221;&#8221;][vc_column width=&#8221;1\/2&#8243;][vc_single_image image=&#8221;2675&#8243; img_size=&#8221;530&#215;490&#8243; alignment=&#8221;center&#8221; qode_css_animation=&#8221;&#8221; qode_hover_animation=&#8221;zoom_in&#8221;][\/vc_column][vc_column width=&#8221;1\/2&#8243;][vc_single_image image=&#8221;2666&#8243; img_size=&#8221;530&#215;240&#8243; alignment=&#8221;center&#8221; qode_css_animation=&#8221;&#8221; qode_hover_animation=&#8221;zoom_in&#8221;][vc_empty_space height=&#8221;10&#8243;][vc_single_image image=&#8221;5014&#8243; img_size=&#8221;530&#215;240&#8243; alignment=&#8221;center&#8221; qode_css_animation=&#8221;&#8221; qode_hover_animation=&#8221;zoom_in&#8221;][\/vc_column][\/vc_row][vc_row css_animation=&#8221;&#8221; row_type=&#8221;row&#8221; use_row_as_full_screen_section=&#8221;no&#8221; type=&#8221;full_width&#8221; angled_section=&#8221;no&#8221; text_align=&#8221;left&#8221; background_image_as_pattern=&#8221;without_pattern&#8221; z_index=&#8221;&#8221; css=&#8221;.vc_custom_1636368642603{background-color: #ffffff !important;}&#8221;][vc_column][vc_empty_space height=&#8221;50px&#8221;][\/vc_column][\/vc_row]<\/p>\n<\/div>","protected":false},"excerpt":{"rendered":"<p>[vc_row css_animation=&#8221;&#8221; row_type=&#8221;row&#8221; use_row_as_full_screen_section=&#8221;no&#8221; type=&#8221;grid&#8221; angled_section=&#8221;no&#8221; text_align=&#8221;left&#8221; background_image_as_pattern=&#8221;without_pattern&#8221; z_index=&#8221;&#8221;][vc_column][vc_empty_space height=&#8221;180px&#8221;][vc_column_text] ELS NOSTRES VALORS [\/vc_column_text][vc_separator type=&#8221;small&#8221; position=&#8221;left&#8221; width_in_percentages=&#8221;yes&#8221; color=&#8221;#628dc3&#8243; thickness=&#8221;1,5&#8243; width=&#8221;20&#8243;][vc_empty_space height=&#8221;50px&#8221;][\/vc_column][\/vc_row][vc_row css_animation=&#8221;&#8221; row_type=&#8221;row&#8221; use_row_as_full_screen_section=&#8221;no&#8221; type=&#8221;grid&#8221; angled_section=&#8221;no&#8221; text_align=&#8221;left&#8221; background_image_as_pattern=&#8221;without_pattern&#8221; z_index=&#8221;&#8221;][vc_column width=&#8221;1\/3&#8243;][vc_empty_space height=&#8221;15px&#8221;][vc_single_image image=&#8221;2683&#8243; img_size=&#8221;350X200&#8243; alignment=&#8221;center&#8221; qode_css_animation=&#8221;&#8221; qode_hover_animation=&#8221;zoom_in&#8221;][vc_empty_space height=&#8221;15px&#8221;][vc_column_text css=&#8221;.vc_custom_1640602709143{border-top-width: 4px !important;border-right-width: 4px !important;border-bottom-width: 4px !important;border-left-width: 4px&#8230;<\/p>\n","protected":false},"author":2,"featured_media":0,"parent":0,"menu_order":0,"comment_status":"closed","ping_status":"closed","template":"full_width.php","meta":{"footnotes":""},"yst_prominent_words":[],"class_list":["post-2750","page","type-page","status-publish","hentry"],"_links":{"self":[{"href":"https:\/\/residenciaslatorreta.com\/ca\/wp-json\/wp\/v2\/pages\/2750","targetHints":{"allow":["GET"]}}],"collection":[{"href":"https:\/\/residenciaslatorreta.com\/ca\/wp-json\/wp\/v2\/pages"}],"about":[{"href":"https:\/\/residenciaslatorreta.com\/ca\/wp-json\/wp\/v2\/types\/page"}],"author":[{"embeddable":true,"href":"https:\/\/residenciaslatorreta.com\/ca\/wp-json\/wp\/v2\/users\/2"}],"replies":[{"embeddable":true,"href":"https:\/\/residenciaslatorreta.com\/ca\/wp-json\/wp\/v2\/comments?post=2750"}],"version-history":[{"count":13,"href":"https:\/\/residenciaslatorreta.com\/ca\/wp-json\/wp\/v2\/pages\/2750\/revisions"}],"predecessor-version":[{"id":9100,"href":"https:\/\/residenciaslatorreta.com\/ca\/wp-json\/wp\/v2\/pages\/2750\/revisions\/9100"}],"wp:attachment":[{"href":"https:\/\/residenciaslatorreta.com\/ca\/wp-json\/wp\/v2\/media?parent=2750"}],"wp:term":[{"taxonomy":"yst_prominent_words","embeddable":true,"href":"https:\/\/residenciaslatorreta.com\/ca\/wp-json\/wp\/v2\/yst_prominent_words?post=2750"}],"curies":[{"name":"wp","href":"https:\/\/api.w.org\/{rel}","templated":true}]}}