{"id":2741,"date":"2021-05-03T17:31:24","date_gmt":"2021-05-03T17:31:24","guid":{"rendered":"https:\/\/residenciaslatorreta.com\/servicios\/"},"modified":"2024-03-19T11:05:38","modified_gmt":"2024-03-19T11:05:38","slug":"serveis","status":"publish","type":"page","link":"https:\/\/residenciaslatorreta.com\/ca\/serveis\/","title":{"rendered":"Qu\u00e8 oferim"},"content":{"rendered":"<div class=\"wpb-content-wrapper\"><p>[vc_row css_animation=&#8221;&#8221; row_type=&#8221;row&#8221; use_row_as_full_screen_section=&#8221;no&#8221; type=&#8221;grid&#8221; angled_section=&#8221;no&#8221; text_align=&#8221;left&#8221; background_image_as_pattern=&#8221;without_pattern&#8221; z_index=&#8221;&#8221;][vc_column][vc_empty_space height=&#8221;90px&#8221;][vc_column_text]<\/p>\n<h1 class=\"tituloPadding\" style=\"text-align: left;\"><span style=\"color: #58595b;\">QU\u00c8 OFERIM<\/span><\/h1>\n<p>[\/vc_column_text][vc_separator type=&#8221;small&#8221; position=&#8221;left&#8221; width_in_percentages=&#8221;yes&#8221; color=&#8221;#58595b&#8221; thickness=&#8221;1,5&#8243; width=&#8221;20&#8243;][vc_column_text]<\/p>\n<div class=\"wpb_text_column wpb_content_element vc_custom_1622806659905\">\n<div class=\"wpb_wrapper\"><\/div>\n<p><span style=\"color: #333333;\">A les <strong><span style=\"color: #628dc3;\">Resid\u00e8ncies\u00a0<span class=\"hiddenGrammarError\" style=\"padding-bottom: 2px; background-image: url('..\/..\/..\/..\/..\/images\/squiggle.png'); background-repeat: repeat-x; background-position: left bottom; cursor: default; font-family: 'Open Sans', Helvetica, Arial, sans-serif; font-size: 16px; font-style: normal; font-variant-ligatures: normal; font-variant-caps: normal; letter-spacing: normal; orphans: 2; text-align: start; text-indent: 0px; text-transform: none; white-space: normal; widows: 2; word-spacing: 0px; -webkit-text-stroke-width: 0px;\">La<\/span>\u00a0Torreta<\/span><\/strong> cobrim les teves necessitats i complim els teus desitjos.<\/span><\/p>\n<p>&nbsp;<\/p>\n<p><span style=\"color: #333333;\">Els serveis que prestem a <strong><span style=\"color: #628dc3;\">Resid\u00e8ncies\u00a0<span class=\"hiddenGrammarError\" style=\"padding-bottom: 2px; background-image: url('..\/..\/..\/..\/..\/images\/squiggle.png'); background-repeat: repeat-x; background-position: left bottom; cursor: default; font-family: 'Open Sans', Helvetica, Arial, sans-serif; font-size: 16px; font-style: normal; font-variant-ligatures: normal; font-variant-caps: normal; letter-spacing: normal; orphans: 2; text-align: start; text-indent: 0px; text-transform: none; white-space: normal; widows: 2; word-spacing: 0px; -webkit-text-stroke-width: 0px;\">La<\/span>\u00a0Torreta<\/span><\/strong> van dirigits a oferir al resident una assist\u00e8ncia cont\u00ednua, permanent i de la m\u00e0xima qualitat, amb atenci\u00f3 i seguiment personalitzat.<\/span><\/p>\n<p>&nbsp;<\/p>\n<p><span style=\"color: #333333;\">Als nostres centres prioritzem el benestar dels nostres residents i la satisfacci\u00f3 de les fam\u00edlies, potenciant la interacci\u00f3 de la persona usu\u00e0ria amb l&#8217;entorn i amb la fam\u00edlia i la fam\u00edlia amb el Centre. Aquest model de treball a tres bandes, converteix usuari, fam\u00edlia i el Centre en un equip destinat a protegir el benestar i salut de la persona gran.<\/span><\/p>\n<p>&nbsp;<\/p>\n<p><span style=\"color: #333333;\">Els principis de la nostra entitat s\u00f3n: l&#8217;atenci\u00f3 personalitzada o l&#8217;<span class=\"hiddenSpellError\">ACP<\/span> (Atenci\u00f3 Centrada en la Persona), la reflexi\u00f3 \u00e8tica, la participaci\u00f3 activa de persones usu\u00e0ries i fam\u00edlies i la qualitat de vida percebuda.<\/span><\/p>\n<p>&nbsp;<\/p>\n<p><span style=\"color: #333333;\"><strong><span style=\"color: #58595b;\">Aix\u00f2 \u00e9s el que ens mou, \u00e9s la nostra ra\u00f3 de ser. A<\/span><\/strong> <strong><span style=\"color: #628dc3;\">Resid\u00e8ncies\u00a0<span class=\"hiddenGrammarError\" style=\"padding-bottom: 2px; background-image: url('..\/..\/..\/..\/..\/images\/squiggle.png'); background-repeat: repeat-x; background-position: left bottom; cursor: default; font-family: 'Open Sans', Helvetica, Arial, sans-serif; font-size: 16px; font-style: normal; font-variant-ligatures: normal; font-variant-caps: normal; letter-spacing: normal; orphans: 2; text-align: start; text-indent: 0px; text-transform: none; white-space: normal; widows: 2; word-spacing: 0px; -webkit-text-stroke-width: 0px;\">La<\/span>\u00a0Torreta<\/span> <span style=\"color: #58595b;\">busquem la protecci\u00f3 dels nostres avis perqu\u00e8 ho han donat tot a la vida, s&#8217;han sacrificat pels seus i mereixen, com a m\u00ednim, sentir-se com a casa.<\/span><\/strong><\/span><\/p>\n<p>&nbsp;<\/p>\n<p><span style=\"color: #333333;\">Oferim tot tipus d&#8217;estades adaptades a les vostres necessitats, amb una atenci\u00f3 professional en un entorn proper. Per aquesta ra\u00f3, les estades poden ser:<\/span><\/p>\n<p><span style=\"color: #333333;\">Estades curtes <span class=\"hiddenGreenError\">30<\/span> dies<\/span><\/p>\n<p><span style=\"color: #333333;\">Estades temporals de <span class=\"hiddenGreenError\">30<\/span>\u00a0dies a\u00a0<span class=\"hiddenGreenError\">3<\/span> mesos<\/span><\/p>\n<p><span style=\"color: #333333;\">Estades indefinides<\/span><\/p>\n<\/div>\n<div class=\"vc_empty_space\"><\/div>\n<p>[\/vc_column_text][vc_empty_space height=&#8221;50px&#8221;][\/vc_column][\/vc_row][vc_row css_animation=&#8221;&#8221; row_type=&#8221;row&#8221; use_row_as_full_screen_section=&#8221;no&#8221; type=&#8221;grid&#8221; angled_section=&#8221;no&#8221; text_align=&#8221;left&#8221; background_image_as_pattern=&#8221;without_pattern&#8221; z_index=&#8221;&#8221;][vc_column width=&#8221;1\/3&#8243; el_class=&#8221;enlaceServicioSeparado&#8221;][vc_single_image image=&#8221;2668&#8243; img_size=&#8221;400X300&#8243; alignment=&#8221;center&#8221; qode_css_animation=&#8221;&#8221; qode_hover_animation=&#8221;zoom_in&#8221;][vc_empty_space][vc_raw_html el_class=&#8221;contenedorEnlaceEspaciado&#8221;]JTNDYSUyMGNsYXNzJTNEJTIyZW5sYWNlRXNwYWNpYWRvJTIyJTIwaHJlZiUzRCUyMmh0dHBzJTNBJTJGJTJGdG9ycmV0YWdydXBvLmR1cmFueWR1cmFuZGlnaXRhbC5jb20lMkZzZXJ2aWNpb3MtbWVkaWNvLWFzaXN0ZW5jaWFsZXMlMkYlMjIlM0VTRVJWRUlTJTNDJTJGYnIlM0VNJUMzJTg4RElDJTIwLSUyMEFTU0lTVEVOQ0lBTFMlM0MlMkZhJTNF[\/vc_raw_html][\/vc_column][vc_column width=&#8221;1\/3&#8243; el_class=&#8221;enlaceServicioSeparado&#8221;][vc_single_image image=&#8221;2669&#8243; img_size=&#8221;400X300&#8243; alignment=&#8221;center&#8221; qode_css_animation=&#8221;&#8221; qode_hover_animation=&#8221;zoom_in&#8221;][vc_empty_space][vc_raw_html el_class=&#8221;contenedorEnlaceEspaciado&#8221;]JTNDYSUyMGNsYXNzJTNEJTIyZW5sYWNlRXNwYWNpYWRvJTIyJTIwaHJlZiUzRCUyMmh0dHBzJTNBJTJGJTJGdG9ycmV0YWdydXBvLmR1cmFueWR1cmFuZGlnaXRhbC5jb20lMkZzZXJ2aWNpb3MtaG90ZWxlcm9zJTJGJTIyJTNFU0VSVkVJUyUzQyUyRmJyJTNFSE9URUxFUlMlM0MlMkZhJTNF[\/vc_raw_html][\/vc_column][vc_column width=&#8221;1\/3&#8243; el_class=&#8221;enlaceServicioSeparado&#8221;][vc_single_image image=&#8221;7663&#8243; img_size=&#8221;400X300&#8243; alignment=&#8221;center&#8221; qode_css_animation=&#8221;&#8221; qode_hover_animation=&#8221;zoom_in&#8221;][vc_empty_space][vc_raw_html el_class=&#8221;contenedorEnlaceEspaciado&#8221;]JTNDYSUyMGNsYXNzJTNEJTIyZW5sYWNlRXNwYWNpYWRvJTIyJTIwaHJlZiUzRCUyMmh0dHBzJTNBJTJGJTJGdG9ycmV0YWdydXBvLmR1cmFueWR1cmFuZGlnaXRhbC5jb20lMkZhdGVuY2lvbi1jZW50cmFkYS1lbi1sYS1wZXJzb25hJTJGJTIyJTNFQVRFTkNJJUMzJTkzJTIwQ0VOVFJBREElM0MlMkZiciUzRUVOJTIwTEElMjBQRVJTT05BJTNDJTJGYSUzRQ==[\/vc_raw_html][\/vc_column][\/vc_row][vc_row css_animation=&#8221;&#8221; row_type=&#8221;row&#8221; use_row_as_full_screen_section=&#8221;no&#8221; type=&#8221;full_width&#8221; angled_section=&#8221;no&#8221; text_align=&#8221;left&#8221; background_image_as_pattern=&#8221;without_pattern&#8221;][vc_column][vc_empty_space height=&#8221;90px&#8221;][\/vc_column][\/vc_row][vc_row css_animation=&#8221;&#8221; row_type=&#8221;row&#8221; use_row_as_full_screen_section=&#8221;no&#8221; type=&#8221;grid&#8221; angled_section=&#8221;no&#8221; text_align=&#8221;left&#8221; background_image_as_pattern=&#8221;without_pattern&#8221; z_index=&#8221;&#8221; css=&#8221;.vc_custom_1631721497629{background-color: #ffffff !important;}&#8221;][vc_column][vc_empty_space height=&#8221;60px&#8221;][vc_column_text]<\/p>\n<h2><span style=\"color: #628dc3;\">PER QU\u00c8 ESCOLLIR-NOS<\/span><\/h2>\n<p>[\/vc_column_text][vc_separator type=&#8221;small&#8221; position=&#8221;left&#8221; width_in_percentages=&#8221;yes&#8221; color=&#8221;#dadbde&#8221; thickness=&#8221;1,5&#8243; width=&#8221;10&#8243;][vc_empty_space height=&#8221;60&#8243;][\/vc_column][\/vc_row][vc_row css_animation=&#8221;&#8221; row_type=&#8221;row&#8221; use_row_as_full_screen_section=&#8221;no&#8221; type=&#8221;grid&#8221; angled_section=&#8221;no&#8221; text_align=&#8221;center&#8221; background_image_as_pattern=&#8221;without_pattern&#8221; z_index=&#8221;&#8221; css=&#8221;.vc_custom_1631721540952{background-color: #ffffff !important;}&#8221;][vc_column width=&#8221;1\/3&#8243;][vc_single_image image=&#8221;2691&#8243; img_size=&#8221;400X300&#8243; alignment=&#8221;center&#8221; qode_css_animation=&#8221;&#8221; qode_hover_animation=&#8221;zoom_in&#8221;][\/vc_column][vc_column width=&#8221;1\/3&#8243;][vc_single_image image=&#8221;2633&#8243; img_size=&#8221;400X300&#8243; alignment=&#8221;center&#8221; qode_css_animation=&#8221;&#8221; qode_hover_animation=&#8221;zoom_in&#8221;][\/vc_column][vc_column width=&#8221;1\/3&#8243;][vc_single_image image=&#8221;2634&#8243; img_size=&#8221;400X300&#8243; alignment=&#8221;center&#8221; qode_css_animation=&#8221;&#8221; qode_hover_animation=&#8221;zoom_in&#8221;][\/vc_column][\/vc_row][vc_row css_animation=&#8221;&#8221; row_type=&#8221;row&#8221; use_row_as_full_screen_section=&#8221;no&#8221; type=&#8221;grid&#8221; angled_section=&#8221;no&#8221; text_align=&#8221;left&#8221; background_image_as_pattern=&#8221;without_pattern&#8221; z_index=&#8221;&#8221; css=&#8221;.vc_custom_1631721560336{background-color: #ffffff !important;}&#8221;][vc_column width=&#8221;1\/3&#8243;][vc_empty_space][\/vc_column][vc_column width=&#8221;1\/3&#8243;][vc_empty_space][\/vc_column][vc_column width=&#8221;1\/3&#8243;][vc_empty_space][\/vc_column][\/vc_row][vc_row css_animation=&#8221;&#8221; row_type=&#8221;row&#8221; use_row_as_full_screen_section=&#8221;no&#8221; type=&#8221;grid&#8221; angled_section=&#8221;no&#8221; text_align=&#8221;left&#8221; background_image_as_pattern=&#8221;without_pattern&#8221; z_index=&#8221;&#8221; css=&#8221;.vc_custom_1631721570449{background-color: #ffffff !important;}&#8221;][vc_column width=&#8221;1\/3&#8243;][vc_column_text css=&#8221;.vc_custom_1640182431803{border-top-width: 2px !important;border-right-width: 2px !important;border-bottom-width: 2px !important;border-left-width: 2px !important;background-color: #dadbde !important;border-left-color: #dadbde !important;border-left-style: solid !important;border-right-color: #dadbde !important;border-right-style: solid !important;border-top-color: #dadbde !important;border-top-style: solid !important;border-bottom-color: #dadbde !important;border-bottom-style: solid !important;border-radius: 1px !important;}&#8221;]<\/p>\n<p style=\"text-align: center;\"><strong><span style=\"color: #628dc3;\">MEN\u00daS PERSONALITZATS<\/span><\/strong><\/p>\n<p>[\/vc_column_text][\/vc_column][vc_column width=&#8221;1\/3&#8243;][vc_column_text css=&#8221;.vc_custom_1640182463807{border-top-width: 2px !important;border-right-width: 2px !important;border-bottom-width: 2px !important;border-left-width: 2px !important;background-color: #dadbde !important;border-left-color: #dadbde !important;border-left-style: solid !important;border-right-color: #dadbde !important;border-right-style: solid !important;border-top-color: #dadbde !important;border-top-style: solid !important;border-bottom-color: #dadbde !important;border-bottom-style: solid !important;border-radius: 1px !important;}&#8221;]<\/p>\n<p style=\"text-align: center;\"><strong><span style=\"color: #628dc3;\">ASSIST\u00c8NCIA INTEGRAL<\/span><\/strong><\/p>\n<p>[\/vc_column_text][\/vc_column][vc_column width=&#8221;1\/3&#8243;][vc_column_text css=&#8221;.vc_custom_1640182489659{border-top-width: 2px !important;border-right-width: 2px !important;border-bottom-width: 2px !important;border-left-width: 2px !important;background-color: #dadbde !important;border-left-color: #dadbde !important;border-left-style: solid !important;border-right-color: #dadbde !important;border-right-style: solid !important;border-top-color: #dadbde !important;border-top-style: solid !important;border-bottom-color: #dadbde !important;border-bottom-style: solid !important;border-radius: 1px !important;}&#8221;]<\/p>\n<p style=\"text-align: center;\"><strong><span style=\"color: #628dc3;\">TER\u00c0PIAS ALTERNATIVES<\/span><\/strong><\/p>\n<p>[\/vc_column_text][\/vc_column][\/vc_row][vc_row css_animation=&#8221;&#8221; row_type=&#8221;row&#8221; use_row_as_full_screen_section=&#8221;no&#8221; type=&#8221;grid&#8221; angled_section=&#8221;no&#8221; text_align=&#8221;left&#8221; background_image_as_pattern=&#8221;without_pattern&#8221; z_index=&#8221;&#8221; css=&#8221;.vc_custom_1631721560336{background-color: #ffffff !important;}&#8221;][vc_column width=&#8221;1\/3&#8243;][vc_empty_space][\/vc_column][vc_column width=&#8221;1\/3&#8243;][vc_empty_space][\/vc_column][vc_column width=&#8221;1\/3&#8243;][vc_empty_space][\/vc_column][\/vc_row][vc_row css_animation=&#8221;&#8221; row_type=&#8221;row&#8221; use_row_as_full_screen_section=&#8221;no&#8221; type=&#8221;grid&#8221; angled_section=&#8221;no&#8221; text_align=&#8221;center&#8221; background_image_as_pattern=&#8221;without_pattern&#8221; z_index=&#8221;&#8221; css=&#8221;.vc_custom_1631721540952{background-color: #ffffff !important;}&#8221;][vc_column width=&#8221;1\/3&#8243;][vc_single_image image=&#8221;2670&#8243; img_size=&#8221;400X300&#8243; alignment=&#8221;center&#8221; qode_css_animation=&#8221;&#8221; qode_hover_animation=&#8221;zoom_in&#8221;][\/vc_column][vc_column width=&#8221;1\/3&#8243;][vc_single_image image=&#8221;2671&#8243; img_size=&#8221;400X300&#8243; alignment=&#8221;center&#8221; qode_css_animation=&#8221;&#8221; qode_hover_animation=&#8221;zoom_in&#8221;][\/vc_column][vc_column width=&#8221;1\/3&#8243;][vc_single_image image=&#8221;2664&#8243; img_size=&#8221;400X300&#8243; alignment=&#8221;center&#8221; qode_css_animation=&#8221;&#8221; qode_hover_animation=&#8221;zoom_in&#8221;][\/vc_column][\/vc_row][vc_row css_animation=&#8221;&#8221; row_type=&#8221;row&#8221; use_row_as_full_screen_section=&#8221;no&#8221; type=&#8221;grid&#8221; angled_section=&#8221;no&#8221; text_align=&#8221;left&#8221; background_image_as_pattern=&#8221;without_pattern&#8221; z_index=&#8221;&#8221; css=&#8221;.vc_custom_1631721560336{background-color: #ffffff !important;}&#8221;][vc_column width=&#8221;1\/3&#8243;][vc_empty_space][\/vc_column][vc_column width=&#8221;1\/3&#8243;][vc_empty_space][\/vc_column][vc_column width=&#8221;1\/3&#8243;][vc_empty_space][\/vc_column][\/vc_row][vc_row css_animation=&#8221;&#8221; row_type=&#8221;row&#8221; use_row_as_full_screen_section=&#8221;no&#8221; type=&#8221;grid&#8221; angled_section=&#8221;no&#8221; text_align=&#8221;left&#8221; background_image_as_pattern=&#8221;without_pattern&#8221; z_index=&#8221;&#8221; css=&#8221;.vc_custom_1631721570449{background-color: #ffffff !important;}&#8221;][vc_column width=&#8221;1\/3&#8243;][vc_column_text css=&#8221;.vc_custom_1640183021377{border-top-width: 2px !important;border-right-width: 2px !important;border-bottom-width: 2px !important;border-left-width: 2px !important;background-color: #dadbde !important;border-left-color: #dadbde !important;border-left-style: solid !important;border-right-color: #dadbde !important;border-right-style: solid !important;border-top-color: #dadbde !important;border-top-style: solid !important;border-bottom-color: #dadbde !important;border-bottom-style: solid !important;border-radius: 1px !important;}&#8221;]<\/p>\n<p style=\"text-align: center;\"><strong><span style=\"color: #628dc3;\">ENVELLIMENT ACTIU<\/span><\/strong><\/p>\n<p>[\/vc_column_text][\/vc_column][vc_column width=&#8221;1\/3&#8243;][vc_column_text css=&#8221;.vc_custom_1640183313469{border-top-width: 2px !important;border-right-width: 2px !important;border-bottom-width: 2px !important;border-left-width: 2px !important;background-color: #dadbde !important;border-left-color: #dadbde !important;border-left-style: solid !important;border-right-color: #dadbde !important;border-right-style: solid !important;border-top-color: #dadbde !important;border-top-style: solid !important;border-bottom-color: #dadbde !important;border-bottom-style: solid !important;border-radius: 1px !important;}&#8221;]<\/p>\n<p style=\"text-align: center;\"><strong><span style=\"color: #628dc3;\">ACOMPANYAMENT<\/span><\/strong><\/p>\n<p>[\/vc_column_text][\/vc_column][vc_column width=&#8221;1\/3&#8243;][vc_column_text css=&#8221;.vc_custom_1640183068501{border-top-width: 2px !important;border-right-width: 2px !important;border-bottom-width: 2px !important;border-left-width: 2px !important;background-color: #dadbde !important;border-left-color: #dadbde !important;border-left-style: solid !important;border-right-color: #dadbde !important;border-right-style: solid !important;border-top-color: #dadbde !important;border-top-style: solid !important;border-bottom-color: #dadbde !important;border-bottom-style: solid !important;border-radius: 1px !important;}&#8221;]<\/p>\n<p style=\"text-align: center;\"><strong><span style=\"color: #628dc3;\">\u00a0CONFORT I SEGURETAT<\/span><\/strong><\/p>\n<p>[\/vc_column_text][\/vc_column][\/vc_row][vc_row css_animation=&#8221;&#8221; row_type=&#8221;row&#8221; use_row_as_full_screen_section=&#8221;no&#8221; type=&#8221;full_width&#8221; angled_section=&#8221;no&#8221; text_align=&#8221;left&#8221; background_image_as_pattern=&#8221;without_pattern&#8221; css=&#8221;.vc_custom_1631722568251{background-color: #ffffff !important;}&#8221; z_index=&#8221;&#8221;][vc_column][vc_empty_space height=&#8221;60&#8243;][\/vc_column][\/vc_row][vc_row css_animation=&#8221;&#8221; row_type=&#8221;row&#8221; use_row_as_full_screen_section=&#8221;no&#8221; type=&#8221;grid&#8221; angled_section=&#8221;no&#8221; text_align=&#8221;left&#8221; background_image_as_pattern=&#8221;without_pattern&#8221; css=&#8221;.vc_custom_1631722957024{background-color: #006699 !important;}&#8221; z_index=&#8221;&#8221;][vc_column][vc_empty_space height=&#8221;60px&#8221;][vc_column_text css=&#8221;.vc_custom_1640183321490{border-top-width: 2px !important;border-right-width: 2px !important;border-bottom-width: 2px !important;border-left-width: 2px !important;padding-top: 50px !important;padding-right: 50px !important;padding-bottom: 50px !important;padding-left: 50px !important;background-color: #ffffff !important;border-left-color: #58595b !important;border-left-style: solid !important;border-right-color: #58595b !important;border-right-style: solid !important;border-top-color: #58595b !important;border-top-style: solid !important;border-bottom-color: #58595b !important;border-bottom-style: solid !important;}&#8221;]<strong><span style=\"color: #628dc3;\">Als nostres centres <span class=\"hiddenGrammarError\" style=\"padding-bottom: 2px; background-image: url('..\/..\/..\/..\/..\/images\/squiggle.png'); background-repeat: repeat-x; background-position: left bottom; cursor: default; font-family: 'Open Sans', Helvetica, Arial, sans-serif; font-size: 16px; font-style: normal; font-variant-ligatures: normal; font-variant-caps: normal; letter-spacing: normal; orphans: 2; text-align: start; text-indent: 0px; text-transform: none; white-space: normal; widows: 2; word-spacing: 0px; -webkit-text-stroke-width: 0px;\">La<\/span>\u00a0Torreta, cada persona \u00e9s \u00fanica i, per aix\u00f2, hem dirigit al llarg de tots aquests anys tots els nostres esfor\u00e7os a oferir, a cadascun dels nostres residents, all\u00f2 que realment necessita, respectant la seva hist\u00f2ria de vida, singularitat i necessitats.<\/span><\/strong><\/p>\n<p>&nbsp;<\/p>\n<p><strong><span style=\"color: #628dc3;\">Aquesta mirada cap a dins, una mirada introspectiva, ens ha fet implementar serveis que respecten aquesta singularitat tan especial i ens dona el valor addicional que busquen els familiars per a la gent gran.<\/span><\/strong>[\/vc_column_text][vc_empty_space height=&#8221;60&#8243;][\/vc_column][\/vc_row][vc_row css_animation=&#8221;&#8221; row_type=&#8221;row&#8221; use_row_as_full_screen_section=&#8221;no&#8221; type=&#8221;grid&#8221; angled_section=&#8221;no&#8221; text_align=&#8221;left&#8221; background_image_as_pattern=&#8221;without_pattern&#8221; css=&#8221;.vc_custom_1632929097490{background-image: url(https:\/\/residenciaslatorreta.com\/wp-content\/uploads\/2021\/09\/Atencio\u0301n-centrada-en-la-persona.png?id=2237) !important;}&#8221; z_index=&#8221;&#8221;][vc_column][vc_empty_space height=&#8221;320px&#8221;][vc_column_text]<\/p>\n<div style=\"text-align: center;\">\n<h2 style=\"background: rgba(255, 255, 255, 0.91); display: inline-block; padding: 0px 10px; text-align: center;\"><span style=\"color: #628dc3;\">Coneix el nostre model assitencial<\/span><\/h2>\n<p style=\"text-align: center;\"><a class=\"qbutton medium center enlarge\" style=\"color: #ffffff; border-color: #006799; background-color: #006799; padding-left: 23px; padding-right: 23px; margin-top: 20px; margin-bottom: 20px;\" href=\"https:\/\/residenciaslatorreta.com\/servicios-medico-asistenciales\/\" target=\"_self\" rel=\"noopener\" data-hover-background-color=\"#628dc3\" data-hover-border-color=\"#628dc3\" data-hover-color=\"#ffffff\">SERVEIS M\u00c8DIC-ASSISTENCIALS \u00bb<\/a><\/p>\n<\/div>\n<p>[\/vc_column_text][vc_empty_space height=&#8221;200px&#8221;][\/vc_column][\/vc_row]<\/p>\n<\/div>","protected":false},"excerpt":{"rendered":"<p>[vc_row css_animation=&#8221;&#8221; row_type=&#8221;row&#8221; use_row_as_full_screen_section=&#8221;no&#8221; type=&#8221;grid&#8221; angled_section=&#8221;no&#8221; text_align=&#8221;left&#8221; background_image_as_pattern=&#8221;without_pattern&#8221; z_index=&#8221;&#8221;][vc_column][vc_empty_space height=&#8221;90px&#8221;][vc_column_text] QU\u00c8 OFERIM [\/vc_column_text][vc_separator type=&#8221;small&#8221; position=&#8221;left&#8221; width_in_percentages=&#8221;yes&#8221; color=&#8221;#58595b&#8221; thickness=&#8221;1,5&#8243; width=&#8221;20&#8243;][vc_column_text] A les Resid\u00e8ncies\u00a0La\u00a0Torreta cobrim les teves necessitats i complim els teus desitjos. &nbsp; Els serveis que prestem a Resid\u00e8ncies\u00a0La\u00a0Torreta van dirigits a oferir al resident una&#8230;<\/p>\n","protected":false},"author":2,"featured_media":965,"parent":0,"menu_order":0,"comment_status":"closed","ping_status":"closed","template":"full_width.php","meta":{"footnotes":""},"yst_prominent_words":[],"class_list":["post-2741","page","type-page","status-publish","has-post-thumbnail","hentry"],"_links":{"self":[{"href":"https:\/\/residenciaslatorreta.com\/ca\/wp-json\/wp\/v2\/pages\/2741","targetHints":{"allow":["GET"]}}],"collection":[{"href":"https:\/\/residenciaslatorreta.com\/ca\/wp-json\/wp\/v2\/pages"}],"about":[{"href":"https:\/\/residenciaslatorreta.com\/ca\/wp-json\/wp\/v2\/types\/page"}],"author":[{"embeddable":true,"href":"https:\/\/residenciaslatorreta.com\/ca\/wp-json\/wp\/v2\/users\/2"}],"replies":[{"embeddable":true,"href":"https:\/\/residenciaslatorreta.com\/ca\/wp-json\/wp\/v2\/comments?post=2741"}],"version-history":[{"count":23,"href":"https:\/\/residenciaslatorreta.com\/ca\/wp-json\/wp\/v2\/pages\/2741\/revisions"}],"predecessor-version":[{"id":7665,"href":"https:\/\/residenciaslatorreta.com\/ca\/wp-json\/wp\/v2\/pages\/2741\/revisions\/7665"}],"wp:featuredmedia":[{"embeddable":true,"href":"https:\/\/residenciaslatorreta.com\/ca\/wp-json\/"}],"wp:attachment":[{"href":"https:\/\/residenciaslatorreta.com\/ca\/wp-json\/wp\/v2\/media?parent=2741"}],"wp:term":[{"taxonomy":"yst_prominent_words","embeddable":true,"href":"https:\/\/residenciaslatorreta.com\/ca\/wp-json\/wp\/v2\/yst_prominent_words?post=2741"}],"curies":[{"name":"wp","href":"https:\/\/api.w.org\/{rel}","templated":true}]}}