{"id":2717,"date":"2021-05-03T14:56:26","date_gmt":"2021-05-03T14:56:26","guid":{"rendered":"https:\/\/residenciaslatorreta.com\/quienes-somos\/"},"modified":"2023-03-23T12:28:02","modified_gmt":"2023-03-23T12:28:02","slug":"qui-som","status":"publish","type":"page","link":"https:\/\/residenciaslatorreta.com\/ca\/qui-som\/","title":{"rendered":"Qui som"},"content":{"rendered":"<div class=\"wpb-content-wrapper\"><p>[vc_row css_animation=&#8221;&#8221; row_type=&#8221;row&#8221; use_row_as_full_screen_section=&#8221;no&#8221; type=&#8221;grid&#8221; angled_section=&#8221;no&#8221; text_align=&#8221;left&#8221; background_image_as_pattern=&#8221;without_pattern&#8221; z_index=&#8221;&#8221;][vc_column][vc_empty_space height=&#8221;90px&#8221;][vc_column_text]<\/p>\n<h1 class=\"tituloPadding\" style=\"text-align: left;\"><span style=\"color: #58595b;\">QUI SOM<\/span><\/h1>\n<p>[\/vc_column_text][vc_separator type=&#8221;small&#8221; position=&#8221;left&#8221; width_in_percentages=&#8221;yes&#8221; color=&#8221;#58595b&#8221; thickness=&#8221;1,5&#8243; width=&#8221;20&#8243;][vc_column_text el_class=&#8221;margen80lados&#8221;]<strong><span style=\"color: #628dc3;\">Resid\u00e8ncies\u00a0<span class=\"hiddenGrammarError\" style=\"padding-bottom: 2px; background-image: url('..\/..\/..\/..\/..\/images\/squiggle.png'); background-repeat: repeat-x; background-position: left bottom; cursor: default; font-family: 'Open Sans', Helvetica, Arial, sans-serif; font-size: 16px; font-style: normal; font-variant-ligatures: normal; font-variant-caps: normal; letter-spacing: normal; orphans: 2; text-align: start; text-indent: 0px; text-transform: none; white-space: normal; widows: 2; word-spacing: 0px; -webkit-text-stroke-width: 0px;\">La<\/span>\u00a0Torreta<\/span><\/strong> <span style=\"color: #333333;\">\u00e9s una <span style=\"color: #58595b;\"><strong>FAM\u00cdLIA<\/strong><\/span><\/span>. <span style=\"color: #333333;\">Som aquesta fam\u00edlia que hi \u00e9s per ajudar-te i donar-te el suport <span style=\"color: #58595b;\"><strong>PROFESSIONAL<\/strong>\/<strong>SANITARI<\/strong><\/span> que et fa falta per a la cura de la persona gran dependent que necessita estar en una resid\u00e8ncia.<\/span><\/p>\n<p><span style=\"color: #333333;\">Fent una mica d&#8217;hist\u00f2ria,<\/span> <strong><span style=\"color: #628dc3;\">Resid\u00e8ncies\u00a0<span class=\"hiddenGrammarError\" style=\"padding-bottom: 2px; background-image: url('..\/..\/..\/..\/..\/images\/squiggle.png'); background-repeat: repeat-x; background-position: left bottom; cursor: default; font-family: 'Open Sans', Helvetica, Arial, sans-serif; font-size: 16px; font-style: normal; font-variant-ligatures: normal; font-variant-caps: normal; letter-spacing: normal; orphans: 2; text-align: start; text-indent: 0px; text-transform: none; white-space: normal; widows: 2; word-spacing: 0px; -webkit-text-stroke-width: 0px;\">La<\/span>\u00a0Torreta<\/span><\/strong> comen\u00e7a <span style=\"color: #333333;\">com a il\u00b7lusi\u00f3 l&#8217;any 1998 i \u00e9s, l&#8217;any 2002, quan neix<\/span> <strong><span style=\"color: #628dc3;\">Resid\u00e8ncies\u00a0<span class=\"hiddenGrammarError\" style=\"padding-bottom: 2px; background-image: url('..\/..\/..\/..\/..\/images\/squiggle.png'); background-repeat: repeat-x; background-position: left bottom; cursor: default; font-family: 'Open Sans', Helvetica, Arial, sans-serif; font-size: 16px; font-style: normal; font-variant-ligatures: normal; font-variant-caps: normal; letter-spacing: normal; orphans: 2; text-align: start; text-indent: 0px; text-transform: none; white-space: normal; widows: 2; word-spacing: 0px; -webkit-text-stroke-width: 0px;\">La<\/span>\u00a0Torreta<\/span><\/strong><span style=\"color: #333333;\">, compost per un equip de professionals que provenen del m\u00f3n sanitari i empresarial, i que<\/span> <span style=\"color: #333333;\">aporten els seus coneixements, experi\u00e8ncia i capacitat humana en la creaci\u00f3 i el desenvolupament d&#8217;aquest projecte, que avui dia \u00e9s una refer\u00e8ncia a Catalunya.<\/span><\/p>\n<p>&nbsp;<\/p>\n<p><span style=\"color: #333333;\">Per aix\u00f2, tenim m\u00e9s de\u00a0<span class=\"hiddenGreenError\">20<\/span>\u00a0anys d&#8217;experi\u00e8ncia al sector, a<\/span> <strong><span style=\"color: #628dc3;\">Resid\u00e8ncies\u00a0<span class=\"hiddenGrammarError\" style=\"padding-bottom: 2px; background-image: url('..\/..\/..\/..\/..\/images\/squiggle.png'); background-repeat: repeat-x; background-position: left bottom; cursor: default; font-family: 'Open Sans', Helvetica, Arial, sans-serif; font-size: 16px; font-style: normal; font-variant-ligatures: normal; font-variant-caps: normal; letter-spacing: normal; orphans: 2; text-align: start; text-indent: 0px; text-transform: none; white-space: normal; widows: 2; word-spacing: 0px; -webkit-text-stroke-width: 0px;\">La<\/span>\u00a0Torreta<\/span><\/strong> <span style=\"color: #333333;\">el nostre principi \u00e9s prestar un servei<\/span> <span style=\"color: #333333;\">i atencions excel\u00b7lents a les nostres persones grans.<\/span><\/p>\n<p><span style=\"color: #333333;\">Ens basem a l&#8217;<span class=\"hiddenSpellError\">ACP<\/span> (Atenci\u00f3 Centrada en la Persona), que \u00e9s un model en qu\u00e8 el centre de les intervencions \u00e9s la persona i el seu projecte de vida. El nostre model \u00e9s m\u00e9s din\u00e0mic, m\u00e9s adaptable i, sobretot, est\u00e0 pensat per donar el millor servei als nostres grans, aix\u00ed com confort, transpar\u00e8ncia i seguretat a les seves fam\u00edlies. Dins de les seves possibilitats, involucrem les fam\u00edlies al nostre model, fent-les part\u00edcips de les decisions, projectes i il\u00b7lusions.<\/span>[\/vc_column_text][vc_empty_space height=&#8221;50px&#8221;][\/vc_column][\/vc_row][vc_row css_animation=&#8221;&#8221; row_type=&#8221;row&#8221; use_row_as_full_screen_section=&#8221;no&#8221; type=&#8221;grid&#8221; angled_section=&#8221;no&#8221; text_align=&#8221;center&#8221; background_image_as_pattern=&#8221;without_pattern&#8221; z_index=&#8221;&#8221;][vc_column width=&#8221;1\/3&#8243;][vc_single_image image=&#8221;2568&#8243; img_size=&#8221;400&#215;300&#8243; alignment=&#8221;center&#8221; onclick=&#8221;custom_link&#8221; qode_css_animation=&#8221;&#8221; qode_hover_animation=&#8221;bottom_title&#8221; link=&#8221;https:\/\/eixample-elprat.residenciaslatorreta.com\/&#8221;][vc_empty_space height=&#8221;32&#8243;][\/vc_column][vc_column width=&#8221;1\/3&#8243;][vc_single_image image=&#8221;2574&#8243; img_size=&#8221;400&#215;300&#8243; alignment=&#8221;center&#8221; onclick=&#8221;custom_link&#8221; qode_css_animation=&#8221;&#8221; qode_hover_animation=&#8221;bottom_title&#8221; link=&#8221;https:\/\/piera.residenciaslatorreta.com\/&#8221;][vc_empty_space height=&#8221;32&#8243;][\/vc_column][vc_column width=&#8221;1\/3&#8243;][vc_single_image image=&#8221;2575&#8243; img_size=&#8221;400X300&#8243; alignment=&#8221;center&#8221; onclick=&#8221;custom_link&#8221; qode_css_animation=&#8221;&#8221; qode_hover_animation=&#8221;bottom_title&#8221; link=&#8221;https:\/\/corbera.residenciaslatorreta.com\/&#8221;][\/vc_column][\/vc_row][vc_row css_animation=&#8221;&#8221; row_type=&#8221;row&#8221; use_row_as_full_screen_section=&#8221;no&#8221; type=&#8221;full_width&#8221; angled_section=&#8221;no&#8221; text_align=&#8221;left&#8221; background_image_as_pattern=&#8221;without_pattern&#8221;][vc_column][vc_empty_space height=&#8221;90px&#8221;][\/vc_column][\/vc_row][vc_row css_animation=&#8221;&#8221; row_type=&#8221;row&#8221; use_row_as_full_screen_section=&#8221;no&#8221; type=&#8221;grid&#8221; angled_section=&#8221;no&#8221; text_align=&#8221;left&#8221; background_image_as_pattern=&#8221;without_pattern&#8221; z_index=&#8221;&#8221; css=&#8221;.vc_custom_1631708383843{border-top-width: 2px !important;border-bottom-width: 2px !important;background-color: #ffffff !important;border-top-color: #b3a258 !important;border-bottom-color: #b3a258 !important;}&#8221;][vc_column][vc_empty_space height=&#8221;60&#8243;][vc_column_text]<\/p>\n<h2 style=\"text-align: left;\"><span style=\"color: #628dc3;\">EL NOSTRE EQUIP<\/span><\/h2>\n<p>[\/vc_column_text][vc_separator type=&#8221;small&#8221; position=&#8221;left&#8221; width_in_percentages=&#8221;yes&#8221; color=&#8221;#dadbde&#8221; thickness=&#8221;1,5&#8243; width=&#8221;10&#8243;][vc_empty_space height=&#8221;60&#8243;][\/vc_column][\/vc_row][vc_row css_animation=&#8221;element_from_bottom&#8221; row_type=&#8221;row&#8221; use_row_as_full_screen_section=&#8221;no&#8221; type=&#8221;grid&#8221; angled_section=&#8221;no&#8221; text_align=&#8221;left&#8221; background_image_as_pattern=&#8221;without_pattern&#8221; z_index=&#8221;&#8221; css=&#8221;.vc_custom_1631710495524{background-color: #ffffff !important;border-radius: 1px !important;}&#8221;][vc_column width=&#8221;1\/6&#8243;]<div class=\"q_icon_list\"><i class=\"qode_icon_font_awesome fa fa-check qode-ili-icon-holder transparent\" style=\"color: #006799;\" ><\/i><p style=\"color:#006799;font-weight: 300;\">Direcci\u00f3 del centre<\/p><\/div>[\/vc_column][vc_column width=&#8221;1\/6&#8243;]<div class=\"q_icon_list\"><i class=\"qode_icon_font_awesome fa fa-check qode-ili-icon-holder transparent\" style=\"color: #006799;\" ><\/i><p style=\"color:#006799;font-weight: 300;\">Personal m\u00e8dic<\/p><\/div>[\/vc_column][vc_column width=&#8221;1\/6&#8243;]<div class=\"q_icon_list\"><i class=\"qode_icon_font_awesome fa fa-check qode-ili-icon-holder transparent\" style=\"color: #006799;\" ><\/i><p style=\"color:#006799;font-weight: 300;\">Treballadora social<\/p><\/div>[\/vc_column][vc_column width=&#8221;1\/6&#8243;]<div class=\"q_icon_list\"><i class=\"qode_icon_font_awesome fa fa-check qode-ili-icon-holder transparent\" style=\"color: #006799;\" ><\/i><p style=\"color:#006799;font-weight: 300;\">Terapeuta ocupacional<\/p><\/div>[\/vc_column][vc_column width=&#8221;1\/6&#8243;]<div class=\"q_icon_list\"><i class=\"qode_icon_font_awesome fa fa-check qode-ili-icon-holder transparent\" style=\"color: #006799;\" ><\/i><p style=\"color:#006799;font-weight: 300;\">Infermeria<\/p><\/div>[\/vc_column][vc_column width=&#8221;1\/6&#8243;]<div class=\"q_icon_list\"><i class=\"qode_icon_font_awesome fa fa-check qode-ili-icon-holder transparent\" style=\"color: #006799;\" ><\/i><p style=\"color:#006799;font-weight: 300;\">Fisioterapeuta<\/p><\/div>[\/vc_column][\/vc_row][vc_row css_animation=&#8221;element_from_bottom&#8221; row_type=&#8221;row&#8221; use_row_as_full_screen_section=&#8221;no&#8221; type=&#8221;grid&#8221; angled_section=&#8221;no&#8221; text_align=&#8221;left&#8221; background_image_as_pattern=&#8221;without_pattern&#8221; z_index=&#8221;&#8221; css=&#8221;.vc_custom_1631710500800{background-color: #ffffff !important;}&#8221;][vc_column width=&#8221;1\/6&#8243;]<div class=\"q_icon_list\"><i class=\"qode_icon_font_awesome fa fa-check qode-ili-icon-holder transparent\" style=\"color: #006799;\" ><\/i><p style=\"color:#006799;font-weight: 300;\">Educaci\u00f3 social<\/p><\/div>[\/vc_column][vc_column width=&#8221;1\/6&#8243;]<div class=\"q_icon_list\"><i class=\"qode_icon_font_awesome fa fa-check qode-ili-icon-holder transparent\" style=\"color: #006799;\" ><\/i><p style=\"color:#006799;font-weight: 300;\">Personal d'atenci\u00f3 directa<\/p><\/div>[\/vc_column][vc_column width=&#8221;1\/6&#8243;]<div class=\"q_icon_list\"><i class=\"qode_icon_font_awesome fa fa-check qode-ili-icon-holder transparent\" style=\"color: #006799;\" ><\/i><p style=\"color:#006799;font-weight: 300;\">Personal de cuina<\/p><\/div>[\/vc_column][vc_column width=&#8221;1\/6&#8243;]<div class=\"q_icon_list\"><i class=\"qode_icon_font_awesome fa fa-check qode-ili-icon-holder transparent\" style=\"color: #006799;\" ><\/i><p style=\"color:#006799;font-weight: 300;\">Auxiliar de manteniment<\/p><\/div>[\/vc_column][vc_column width=&#8221;1\/6&#8243;]<div class=\"q_icon_list\"><i class=\"qode_icon_font_awesome fa fa-check qode-ili-icon-holder transparent\" style=\"color: #006799;\" ><\/i><p style=\"color:#006799;font-weight: 300;\">Personal de neteja<\/p><\/div>[\/vc_column][vc_column width=&#8221;1\/6&#8243;]<div class=\"q_icon_list\"><i class=\"qode_icon_font_awesome fa fa-check qode-ili-icon-holder transparent\" style=\"color: #006799;\" ><\/i><p style=\"color:#006799;font-weight: 300;\">Psic\u00f2loga<\/p><\/div>[\/vc_column][\/vc_row][vc_row css_animation=&#8221;&#8221; row_type=&#8221;row&#8221; use_row_as_full_screen_section=&#8221;no&#8221; type=&#8221;full_width&#8221; angled_section=&#8221;no&#8221; text_align=&#8221;left&#8221; background_image_as_pattern=&#8221;without_pattern&#8221; css=&#8221;.vc_custom_1631708547270{background-color: #ffffff !important;}&#8221; z_index=&#8221;&#8221;][vc_column][vc_empty_space height=&#8221;90&#8243;][\/vc_column][\/vc_row][vc_row css_animation=&#8221;&#8221; row_type=&#8221;row&#8221; use_row_as_full_screen_section=&#8221;no&#8221; type=&#8221;grid&#8221; angled_section=&#8221;no&#8221; text_align=&#8221;left&#8221; background_image_as_pattern=&#8221;without_pattern&#8221; z_index=&#8221;&#8221; css=&#8221;.vc_custom_1631710673237{background-color: #006799 !important;}&#8221;][vc_column][vc_empty_space height=&#8221;60&#8243;][vc_column_text css=&#8221;.vc_custom_1640604165271{border-top-width: 2px !important;border-right-width: 2px !important;border-bottom-width: 2px !important;border-left-width: 2px !important;padding-top: 50px !important;padding-right: 50px !important;padding-bottom: 50px !important;padding-left: 50px !important;background-color: #ffffff !important;border-left-color: #58595b !important;border-left-style: solid !important;border-right-color: #58595b !important;border-right-style: solid !important;border-top-color: #58595b !important;border-top-style: solid !important;border-bottom-color: #58595b !important;border-bottom-style: solid !important;}&#8221;]<span style=\"color: #628dc3;\"><strong>Gaudireu de la m\u00e0xima comoditat i l&#8217;acompanyament d&#8217;un equip professional i interdisciplinari, amb moltes ganes de dur a terme un projecte innovador d&#8217;Atenci\u00f3 centrada en la Persona. Amb la seva sensibilitat, professionalitat i empatia aconsegueixen crear un entorn familiar que ajuda els grans i les seves fam\u00edlies a viure confortablement als nostres centres.<\/strong><\/span>[\/vc_column_text][vc_empty_space height=&#8221;60&#8243;][\/vc_column][\/vc_row][vc_row css_animation=&#8221;&#8221; row_type=&#8221;row&#8221; use_row_as_full_screen_section=&#8221;no&#8221; type=&#8221;grid&#8221; angled_section=&#8221;no&#8221; text_align=&#8221;center&#8221; background_image_as_pattern=&#8221;without_pattern&#8221; z_index=&#8221;&#8221; css=&#8221;.vc_custom_1624041627053{background-image: url(https:\/\/residenciaslatorreta.com\/wp-content\/uploads\/2021\/06\/pexels-andrea-piacquadio-3830752-scaled.jpg?id=981) !important;}&#8221;][vc_column][vc_empty_space height=&#8221;150px&#8221;][vc_column_text]<\/p>\n<h2 style=\"background: rgba(255, 255, 255, 0.91); display: inline-block; padding: 0px 10px; text-align: center;\"><span style=\"color: #628dc3;\">\u00bfVols formar part de l&#8217;equip? <\/span><\/h2>\n<p style=\"text-align: center;\"><a class=\"qbutton medium center enlarge\" style=\"color: #ffffff; border-color: #006799; background-color: #006799; padding-left: 23px; padding-right: 23px; margin-top: 20px; margin-bottom: 20px;\" href=\"https:\/\/residenciaslatorreta.com\/contacto\/\" target=\"_self\" rel=\"noopener\" data-hover-background-color=\"#628dc3\" data-hover-border-color=\"#628dc3\" data-hover-color=\"#ffffff\">FORMULARI DE CONTACTE \u00bb<\/a><\/p>\n<p>[\/vc_column_text][vc_empty_space height=&#8221;150px&#8221;][\/vc_column][\/vc_row]<\/p>\n<\/div>","protected":false},"excerpt":{"rendered":"<p>[vc_row css_animation=&#8221;&#8221; row_type=&#8221;row&#8221; use_row_as_full_screen_section=&#8221;no&#8221; type=&#8221;grid&#8221; angled_section=&#8221;no&#8221; text_align=&#8221;left&#8221; background_image_as_pattern=&#8221;without_pattern&#8221; z_index=&#8221;&#8221;][vc_column][vc_empty_space height=&#8221;90px&#8221;][vc_column_text] QUI SOM [\/vc_column_text][vc_separator type=&#8221;small&#8221; position=&#8221;left&#8221; width_in_percentages=&#8221;yes&#8221; color=&#8221;#58595b&#8221; thickness=&#8221;1,5&#8243; width=&#8221;20&#8243;][vc_column_text el_class=&#8221;margen80lados&#8221;]Resid\u00e8ncies\u00a0La\u00a0Torreta \u00e9s una FAM\u00cdLIA. Som aquesta fam\u00edlia que hi \u00e9s per ajudar-te i donar-te el suport PROFESSIONAL\/SANITARI que et fa falta per a la cura de&#8230;<\/p>\n","protected":false},"author":2,"featured_media":0,"parent":0,"menu_order":0,"comment_status":"closed","ping_status":"closed","template":"full_width.php","meta":{"footnotes":""},"yst_prominent_words":[],"class_list":["post-2717","page","type-page","status-publish","hentry"],"_links":{"self":[{"href":"https:\/\/residenciaslatorreta.com\/ca\/wp-json\/wp\/v2\/pages\/2717","targetHints":{"allow":["GET"]}}],"collection":[{"href":"https:\/\/residenciaslatorreta.com\/ca\/wp-json\/wp\/v2\/pages"}],"about":[{"href":"https:\/\/residenciaslatorreta.com\/ca\/wp-json\/wp\/v2\/types\/page"}],"author":[{"embeddable":true,"href":"https:\/\/residenciaslatorreta.com\/ca\/wp-json\/wp\/v2\/users\/2"}],"replies":[{"embeddable":true,"href":"https:\/\/residenciaslatorreta.com\/ca\/wp-json\/wp\/v2\/comments?post=2717"}],"version-history":[{"count":15,"href":"https:\/\/residenciaslatorreta.com\/ca\/wp-json\/wp\/v2\/pages\/2717\/revisions"}],"predecessor-version":[{"id":5002,"href":"https:\/\/residenciaslatorreta.com\/ca\/wp-json\/wp\/v2\/pages\/2717\/revisions\/5002"}],"wp:attachment":[{"href":"https:\/\/residenciaslatorreta.com\/ca\/wp-json\/wp\/v2\/media?parent=2717"}],"wp:term":[{"taxonomy":"yst_prominent_words","embeddable":true,"href":"https:\/\/residenciaslatorreta.com\/ca\/wp-json\/wp\/v2\/yst_prominent_words?post=2717"}],"curies":[{"name":"wp","href":"https:\/\/api.w.org\/{rel}","templated":true}]}}